{"id":6724,"date":"2022-08-02T14:26:37","date_gmt":"2022-08-02T14:26:37","guid":{"rendered":"https:\/\/motionexperience.nl\/versand-und-rueckgabe\/"},"modified":"2025-06-13T10:11:03","modified_gmt":"2025-06-13T10:11:03","slug":"versand-und-rueckgabe","status":"publish","type":"page","link":"https:\/\/motionexperience.nl\/de\/versand-und-rueckgabe\/","title":{"rendered":"Versand und R\u00fcckgabe"},"content":{"rendered":"\t\t<div data-elementor-type=\"wp-post\" data-elementor-id=\"6724\" class=\"elementor elementor-6724 elementor-870\" data-elementor-post-type=\"page\">\n\t\t\t\t\t\t<section class=\"elementor-section elementor-top-section elementor-element elementor-element-0d2433d elementor-section-boxed elementor-section-height-default elementor-section-height-default wpr-particle-no wpr-jarallax-no wpr-parallax-no wpr-sticky-section-no\" data-id=\"0d2433d\" data-element_type=\"section\">\n\t\t\t\t\t\t<div class=\"elementor-container elementor-column-gap-default\">\n\t\t\t\t\t<div class=\"elementor-column elementor-col-100 elementor-top-column elementor-element elementor-element-b95f5d2\" data-id=\"b95f5d2\" data-element_type=\"column\">\n\t\t\t<div class=\"elementor-widget-wrap elementor-element-populated\">\n\t\t\t\t\t\t<div class=\"elementor-element elementor-element-0095ad6 elementor-widget elementor-widget-heading\" data-id=\"0095ad6\" data-element_type=\"widget\" data-widget_type=\"heading.default\">\n\t\t\t\t<div class=\"elementor-widget-container\">\n\t\t\t\t\t<h1 class=\"elementor-heading-title elementor-size-default\">Versand\n <br>&amp; R\u00fccksendungen<\/h1>\t\t\t\t<\/div>\n\t\t\t\t<\/div>\n\t\t\t\t\t<\/div>\n\t\t<\/div>\n\t\t\t\t\t<\/div>\n\t\t<\/section>\n\t\t\t\t<section class=\"elementor-section elementor-top-section elementor-element elementor-element-00efe08 elementor-section-height-min-height elementor-section-items-stretch elementor-section-boxed elementor-section-height-default wpr-particle-no wpr-jarallax-no wpr-parallax-no wpr-sticky-section-no\" data-id=\"00efe08\" data-element_type=\"section\" data-settings=\"{&quot;animation&quot;:&quot;none&quot;}\">\n\t\t\t\t\t\t<div class=\"elementor-container elementor-column-gap-default\">\n\t\t\t\t\t<div class=\"elementor-column elementor-col-100 elementor-top-column elementor-element elementor-element-e42c59e\" data-id=\"e42c59e\" data-element_type=\"column\" data-settings=\"{&quot;background_background&quot;:&quot;classic&quot;}\">\n\t\t\t<div class=\"elementor-widget-wrap elementor-element-populated\">\n\t\t\t\t\t\t<div class=\"elementor-element elementor-element-80d0283 elementor-widget elementor-widget-text-editor\" data-id=\"80d0283\" data-element_type=\"widget\" data-widget_type=\"text-editor.default\">\n\t\t\t\t<div class=\"elementor-widget-container\">\n\t\t\t\t\t\t\t\t\t<div class=\"wpb_text_column wpb_content_element \"><div class=\"wpb_wrapper\"><div class=\"wpb_text_column wpb_content_element \"><div class=\"wpb_wrapper\"><div class=\"wpb_text_column wpb_content_element \"><div class=\"wpb_wrapper\"><p><strong>Lieferung in den Niederlanden<\/strong><br>Bestellungen werden normalerweise innerhalb von 3 Werktagen geliefert. Bestellungen \u00fcber 60 \u20ac werden kostenlos verschickt.<br>Die Standardversandkosten betragen 5,75 \u20ac.<\/p><p> <\/p><p><strong>Lieferung in Belgien<\/strong><br>Bestellungen werden normalerweise innerhalb von 4 Werktagen geliefert. Bestellungen \u00fcber \u20ac90 werden kostenlos verschickt.<br>Die Standardversandkosten betragen \u20ac12,75.<\/p><p> <\/p><p><strong>Lieferung mit DHL<br><\/strong>Alle Bestellungen werden mit DHL verschickt. Sie k\u00f6nnen Ihr Paket \u00fcber Track &amp; Trace verfolgen.<\/p><p> <\/p><p><strong>R\u00fccksendungen<br><\/strong>Beim Verpacken Ihrer Bestellung \u00fcberpr\u00fcfen wir alle Artikel, um sicherzustellen, dass sie in gutem Zustand verschickt werden. Trotzdem kann etwas schief gehen oder etwas nicht nach Ihrem Geschmack sein. Daher haben Sie das Recht, das Paket innerhalb von 14 Tagen nach Erhalt zur\u00fcckzusenden. Die R\u00fcckgabe kann auch im Motion Merchandise Shop erfolgen.<\/p><p> <\/p><p>Bitte beachten Sie bei der R\u00fccksendung Folgendes:<\/p><ul><li>Das R\u00fccksendeformular sollte ausgef\u00fcllt und mitgeschickt werden.<\/li><li>Die Artikel m\u00fcssen in ihrem urspr\u00fcnglichen Zustand zur\u00fcckgegeben werden. Preisschild.<\/li><li>Achten Sie darauf, dass es gut verpackt ist, damit es beim Transport nicht besch\u00e4digt werden kann.<\/li><li>Die R\u00fccksendekosten gehen zu Ihren eigenen Lasten.<\/li><li>Zur\u00fcckgegebene Artikel werden nicht zur\u00fcckgenommen, wenn: sie getragen\/gewaschen wurden, sie besch\u00e4digt sind.<\/li><li>Bei einer R\u00fcckerstattung auf Ihr Konto bem\u00fchen wir uns, das Geld innerhalb von 5 Arbeitstagen auf Ihr Konto zu \u00fcberweisen.<\/li><li>F\u00fcr R\u00fccksendungen in unseren Gesch\u00e4ften wird keine R\u00fcckerstattung gew\u00e4hrt. Sie erhalten den Betrag auf Rechnung.<\/li><li>Wir k\u00f6nnen nicht daf\u00fcr verantwortlich gemacht werden, wenn ein R\u00fccksendepaket nicht an uns geliefert wird oder das Paket verloren geht.<\/li><\/ul><p> <\/p><p><strong>R\u00fccksendeadresse<\/strong><br>Motion Experience<br>t.a.v. returns<br>Piazza 64 \/<sup>2nd<\/sup> floor<br>5611 AE Eindhoven<\/p><\/div><\/div><\/div><\/div><\/div><\/div>\t\t\t\t\t\t\t\t<\/div>\n\t\t\t\t<\/div>\n\t\t\t\t\t<\/div>\n\t\t<\/div>\n\t\t\t\t\t<\/div>\n\t\t<\/section>\n\t\t\t\t<\/div>\n\t\t","protected":false},"excerpt":{"rendered":"<p>Versand &amp; R\u00fccksendungen Lieferung in den NiederlandenBestellungen werden normalerweise innerhalb von 3 Werktagen geliefert. Bestellungen \u00fcber 60 \u20ac werden kostenlos verschickt.Die Standardversandkosten betragen 5,75 \u20ac. Lieferung in BelgienBestellungen werden normalerweise innerhalb von 4 Werktagen geliefert. Bestellungen \u00fcber \u20ac90 werden kostenlos verschickt.Die Standardversandkosten betragen \u20ac12,75. Lieferung mit DHLAlle Bestellungen werden mit DHL verschickt. Sie k\u00f6nnen Ihr Paket \u00fcber Track &amp; Trace verfolgen. R\u00fccksendungenBeim Verpacken Ihrer Bestellung \u00fcberpr\u00fcfen wir alle Artikel, um sicherzustellen, dass sie in gutem Zustand verschickt werden. Trotzdem kann etwas schief gehen oder etwas nicht nach Ihrem Geschmack sein. Daher haben Sie das Recht, das Paket innerhalb von 14 Tagen nach Erhalt zur\u00fcckzusenden. Die R\u00fcckgabe kann auch im Motion Merchandise Shop erfolgen. Bitte beachten Sie bei der R\u00fccksendung Folgendes: Das R\u00fccksendeformular sollte ausgef\u00fcllt und mitgeschickt werden. Die Artikel m\u00fcssen in ihrem urspr\u00fcnglichen Zustand zur\u00fcckgegeben werden. Preisschild. Achten Sie darauf, dass es gut verpackt ist, damit es beim Transport nicht besch\u00e4digt werden kann. Die R\u00fccksendekosten gehen zu Ihren eigenen Lasten. Zur\u00fcckgegebene Artikel werden nicht zur\u00fcckgenommen, wenn: sie getragen\/gewaschen wurden, sie besch\u00e4digt sind. Bei einer R\u00fcckerstattung auf Ihr Konto bem\u00fchen wir uns, das Geld innerhalb von 5 Arbeitstagen auf Ihr Konto zu \u00fcberweisen. F\u00fcr R\u00fccksendungen in unseren Gesch\u00e4ften wird keine R\u00fcckerstattung gew\u00e4hrt. Sie erhalten den Betrag auf Rechnung. Wir k\u00f6nnen nicht daf\u00fcr verantwortlich gemacht werden, wenn ein R\u00fccksendepaket nicht an uns geliefert wird oder das Paket verloren geht. R\u00fccksendeadresseMotion Experiencet.a.v. returnsPiazza 64 \/2nd floor5611 AE Eindhoven<\/p>\n","protected":false},"author":1,"featured_media":0,"parent":0,"menu_order":11,"comment_status":"closed","ping_status":"closed","template":"elementor_header_footer","meta":{"footnotes":""},"class_list":["post-6724","page","type-page","status-publish","hentry"],"yoast_head":"<!-- This site is optimized with the Yoast SEO plugin v27.5 - https:\/\/yoast.com\/product\/yoast-seo-wordpress\/ -->\n<title>Versand und R\u00fcckgabe - Motion Experience<\/title>\n<meta name=\"robots\" content=\"index, follow, max-snippet:-1, max-image-preview:large, max-video-preview:-1\" \/>\n<link rel=\"canonical\" href=\"https:\/\/motionexperience.nl\/de\/versand-und-rueckgabe\/\" \/>\n<meta property=\"og:locale\" content=\"de_DE\" \/>\n<meta property=\"og:type\" content=\"article\" \/>\n<meta property=\"og:title\" content=\"Versand und R\u00fcckgabe - Motion Experience\" \/>\n<meta property=\"og:description\" content=\"Versand &amp; R\u00fccksendungen Lieferung in den NiederlandenBestellungen werden normalerweise innerhalb von 3 Werktagen geliefert. Bestellungen \u00fcber 60 \u20ac werden kostenlos verschickt.Die Standardversandkosten betragen 5,75 \u20ac. Lieferung in BelgienBestellungen werden normalerweise innerhalb von 4 Werktagen geliefert. Bestellungen \u00fcber \u20ac90 werden kostenlos verschickt.Die Standardversandkosten betragen \u20ac12,75. Lieferung mit DHLAlle Bestellungen werden mit DHL verschickt. Sie k\u00f6nnen Ihr Paket \u00fcber Track &amp; Trace verfolgen. R\u00fccksendungenBeim Verpacken Ihrer Bestellung \u00fcberpr\u00fcfen wir alle Artikel, um sicherzustellen, dass sie in gutem Zustand verschickt werden. Trotzdem kann etwas schief gehen oder etwas nicht nach Ihrem Geschmack sein. Daher haben Sie das Recht, das Paket innerhalb von 14 Tagen nach Erhalt zur\u00fcckzusenden. Die R\u00fcckgabe kann auch im Motion Merchandise Shop erfolgen. Bitte beachten Sie bei der R\u00fccksendung Folgendes: Das R\u00fccksendeformular sollte ausgef\u00fcllt und mitgeschickt werden. Die Artikel m\u00fcssen in ihrem urspr\u00fcnglichen Zustand zur\u00fcckgegeben werden. Preisschild. Achten Sie darauf, dass es gut verpackt ist, damit es beim Transport nicht besch\u00e4digt werden kann. Die R\u00fccksendekosten gehen zu Ihren eigenen Lasten. Zur\u00fcckgegebene Artikel werden nicht zur\u00fcckgenommen, wenn: sie getragen\/gewaschen wurden, sie besch\u00e4digt sind. Bei einer R\u00fcckerstattung auf Ihr Konto bem\u00fchen wir uns, das Geld innerhalb von 5 Arbeitstagen auf Ihr Konto zu \u00fcberweisen. F\u00fcr R\u00fccksendungen in unseren Gesch\u00e4ften wird keine R\u00fcckerstattung gew\u00e4hrt. Sie erhalten den Betrag auf Rechnung. Wir k\u00f6nnen nicht daf\u00fcr verantwortlich gemacht werden, wenn ein R\u00fccksendepaket nicht an uns geliefert wird oder das Paket verloren geht. R\u00fccksendeadresseMotion Experiencet.a.v. returnsPiazza 64 \/2nd floor5611 AE Eindhoven\" \/>\n<meta property=\"og:url\" content=\"https:\/\/motionexperience.nl\/de\/versand-und-rueckgabe\/\" \/>\n<meta property=\"og:site_name\" content=\"Motion Experience\" \/>\n<meta property=\"article:modified_time\" content=\"2025-06-13T10:11:03+00:00\" \/>\n<meta name=\"twitter:card\" content=\"summary_large_image\" \/>\n<meta name=\"twitter:label1\" content=\"Gesch\u00e4tzte Lesezeit\" \/>\n\t<meta name=\"twitter:data1\" content=\"1\u00a0Minute\" \/>\n<script type=\"application\/ld+json\" class=\"yoast-schema-graph\">{\"@context\":\"https:\\\/\\\/schema.org\",\"@graph\":[{\"@type\":\"WebPage\",\"@id\":\"https:\\\/\\\/motionexperience.nl\\\/de\\\/versand-und-rueckgabe\\\/\",\"url\":\"https:\\\/\\\/motionexperience.nl\\\/de\\\/versand-und-rueckgabe\\\/\",\"name\":\"Versand und R\u00fcckgabe - Motion Experience\",\"isPartOf\":{\"@id\":\"https:\\\/\\\/motionexperience.nl\\\/de\\\/#website\"},\"datePublished\":\"2022-08-02T14:26:37+00:00\",\"dateModified\":\"2025-06-13T10:11:03+00:00\",\"inLanguage\":\"de\",\"potentialAction\":[{\"@type\":\"ReadAction\",\"target\":[\"https:\\\/\\\/motionexperience.nl\\\/de\\\/versand-und-rueckgabe\\\/\"]}]},{\"@type\":\"WebSite\",\"@id\":\"https:\\\/\\\/motionexperience.nl\\\/de\\\/#website\",\"url\":\"https:\\\/\\\/motionexperience.nl\\\/de\\\/\",\"name\":\"Motion Experience\",\"description\":\"Light Art Playground Eindhoven\",\"potentialAction\":[{\"@type\":\"SearchAction\",\"target\":{\"@type\":\"EntryPoint\",\"urlTemplate\":\"https:\\\/\\\/motionexperience.nl\\\/de\\\/?s={search_term_string}\"},\"query-input\":{\"@type\":\"PropertyValueSpecification\",\"valueRequired\":true,\"valueName\":\"search_term_string\"}}],\"inLanguage\":\"de\"}]}<\/script>\n<!-- \/ Yoast SEO plugin. -->","yoast_head_json":{"title":"Versand und R\u00fcckgabe - Motion Experience","robots":{"index":"index","follow":"follow","max-snippet":"max-snippet:-1","max-image-preview":"max-image-preview:large","max-video-preview":"max-video-preview:-1"},"canonical":"https:\/\/motionexperience.nl\/de\/versand-und-rueckgabe\/","og_locale":"de_DE","og_type":"article","og_title":"Versand und R\u00fcckgabe - Motion Experience","og_description":"Versand &amp; R\u00fccksendungen Lieferung in den NiederlandenBestellungen werden normalerweise innerhalb von 3 Werktagen geliefert. Bestellungen \u00fcber 60 \u20ac werden kostenlos verschickt.Die Standardversandkosten betragen 5,75 \u20ac. Lieferung in BelgienBestellungen werden normalerweise innerhalb von 4 Werktagen geliefert. Bestellungen \u00fcber \u20ac90 werden kostenlos verschickt.Die Standardversandkosten betragen \u20ac12,75. Lieferung mit DHLAlle Bestellungen werden mit DHL verschickt. Sie k\u00f6nnen Ihr Paket \u00fcber Track &amp; Trace verfolgen. R\u00fccksendungenBeim Verpacken Ihrer Bestellung \u00fcberpr\u00fcfen wir alle Artikel, um sicherzustellen, dass sie in gutem Zustand verschickt werden. Trotzdem kann etwas schief gehen oder etwas nicht nach Ihrem Geschmack sein. Daher haben Sie das Recht, das Paket innerhalb von 14 Tagen nach Erhalt zur\u00fcckzusenden. Die R\u00fcckgabe kann auch im Motion Merchandise Shop erfolgen. Bitte beachten Sie bei der R\u00fccksendung Folgendes: Das R\u00fccksendeformular sollte ausgef\u00fcllt und mitgeschickt werden. Die Artikel m\u00fcssen in ihrem urspr\u00fcnglichen Zustand zur\u00fcckgegeben werden. Preisschild. Achten Sie darauf, dass es gut verpackt ist, damit es beim Transport nicht besch\u00e4digt werden kann. Die R\u00fccksendekosten gehen zu Ihren eigenen Lasten. Zur\u00fcckgegebene Artikel werden nicht zur\u00fcckgenommen, wenn: sie getragen\/gewaschen wurden, sie besch\u00e4digt sind. Bei einer R\u00fcckerstattung auf Ihr Konto bem\u00fchen wir uns, das Geld innerhalb von 5 Arbeitstagen auf Ihr Konto zu \u00fcberweisen. F\u00fcr R\u00fccksendungen in unseren Gesch\u00e4ften wird keine R\u00fcckerstattung gew\u00e4hrt. Sie erhalten den Betrag auf Rechnung. Wir k\u00f6nnen nicht daf\u00fcr verantwortlich gemacht werden, wenn ein R\u00fccksendepaket nicht an uns geliefert wird oder das Paket verloren geht. R\u00fccksendeadresseMotion Experiencet.a.v. returnsPiazza 64 \/2nd floor5611 AE Eindhoven","og_url":"https:\/\/motionexperience.nl\/de\/versand-und-rueckgabe\/","og_site_name":"Motion Experience","article_modified_time":"2025-06-13T10:11:03+00:00","twitter_card":"summary_large_image","twitter_misc":{"Gesch\u00e4tzte Lesezeit":"1\u00a0Minute"},"schema":{"@context":"https:\/\/schema.org","@graph":[{"@type":"WebPage","@id":"https:\/\/motionexperience.nl\/de\/versand-und-rueckgabe\/","url":"https:\/\/motionexperience.nl\/de\/versand-und-rueckgabe\/","name":"Versand und R\u00fcckgabe - Motion Experience","isPartOf":{"@id":"https:\/\/motionexperience.nl\/de\/#website"},"datePublished":"2022-08-02T14:26:37+00:00","dateModified":"2025-06-13T10:11:03+00:00","inLanguage":"de","potentialAction":[{"@type":"ReadAction","target":["https:\/\/motionexperience.nl\/de\/versand-und-rueckgabe\/"]}]},{"@type":"WebSite","@id":"https:\/\/motionexperience.nl\/de\/#website","url":"https:\/\/motionexperience.nl\/de\/","name":"Motion Experience","description":"Light Art Playground Eindhoven","potentialAction":[{"@type":"SearchAction","target":{"@type":"EntryPoint","urlTemplate":"https:\/\/motionexperience.nl\/de\/?s={search_term_string}"},"query-input":{"@type":"PropertyValueSpecification","valueRequired":true,"valueName":"search_term_string"}}],"inLanguage":"de"}]}},"_links":{"self":[{"href":"https:\/\/motionexperience.nl\/de\/wp-json\/wp\/v2\/pages\/6724","targetHints":{"allow":["GET"]}}],"collection":[{"href":"https:\/\/motionexperience.nl\/de\/wp-json\/wp\/v2\/pages"}],"about":[{"href":"https:\/\/motionexperience.nl\/de\/wp-json\/wp\/v2\/types\/page"}],"author":[{"embeddable":true,"href":"https:\/\/motionexperience.nl\/de\/wp-json\/wp\/v2\/users\/1"}],"replies":[{"embeddable":true,"href":"https:\/\/motionexperience.nl\/de\/wp-json\/wp\/v2\/comments?post=6724"}],"version-history":[{"count":1,"href":"https:\/\/motionexperience.nl\/de\/wp-json\/wp\/v2\/pages\/6724\/revisions"}],"predecessor-version":[{"id":6725,"href":"https:\/\/motionexperience.nl\/de\/wp-json\/wp\/v2\/pages\/6724\/revisions\/6725"}],"wp:attachment":[{"href":"https:\/\/motionexperience.nl\/de\/wp-json\/wp\/v2\/media?parent=6724"}],"curies":[{"name":"wp","href":"https:\/\/api.w.org\/{rel}","templated":true}]}}