{"id":6720,"date":"2022-08-02T14:22:44","date_gmt":"2022-08-02T14:22:44","guid":{"rendered":"https:\/\/motionexperience.nl\/haftungsausschluss\/"},"modified":"2025-06-13T10:09:57","modified_gmt":"2025-06-13T10:09:57","slug":"haftungsausschluss","status":"publish","type":"page","link":"https:\/\/motionexperience.nl\/de\/haftungsausschluss\/","title":{"rendered":"Haftungsausschluss"},"content":{"rendered":"\t\t<div data-elementor-type=\"wp-post\" data-elementor-id=\"6720\" class=\"elementor elementor-6720 elementor-859\" data-elementor-post-type=\"page\">\n\t\t\t\t\t\t<section class=\"elementor-section elementor-top-section elementor-element elementor-element-9b279c5 elementor-section-boxed elementor-section-height-default elementor-section-height-default wpr-particle-no wpr-jarallax-no wpr-parallax-no wpr-sticky-section-no\" data-id=\"9b279c5\" data-element_type=\"section\">\n\t\t\t\t\t\t<div class=\"elementor-container elementor-column-gap-default\">\n\t\t\t\t\t<div class=\"elementor-column elementor-col-100 elementor-top-column elementor-element elementor-element-d83549c\" data-id=\"d83549c\" data-element_type=\"column\">\n\t\t\t<div class=\"elementor-widget-wrap elementor-element-populated\">\n\t\t\t\t\t\t<div class=\"elementor-element elementor-element-ac8ec3d elementor-widget elementor-widget-heading\" data-id=\"ac8ec3d\" data-element_type=\"widget\" data-widget_type=\"heading.default\">\n\t\t\t\t<div class=\"elementor-widget-container\">\n\t\t\t\t\t<h1 class=\"elementor-heading-title elementor-size-default\">Haftungsausschluss<\/h1>\t\t\t\t<\/div>\n\t\t\t\t<\/div>\n\t\t\t\t\t<\/div>\n\t\t<\/div>\n\t\t\t\t\t<\/div>\n\t\t<\/section>\n\t\t\t\t<section class=\"elementor-section elementor-top-section elementor-element elementor-element-00efe08 elementor-section-height-min-height elementor-section-items-stretch elementor-section-boxed elementor-section-height-default wpr-particle-no wpr-jarallax-no wpr-parallax-no wpr-sticky-section-no\" data-id=\"00efe08\" data-element_type=\"section\" data-settings=\"{&quot;animation&quot;:&quot;none&quot;}\">\n\t\t\t\t\t\t<div class=\"elementor-container elementor-column-gap-default\">\n\t\t\t\t\t<div class=\"elementor-column elementor-col-100 elementor-top-column elementor-element elementor-element-e42c59e\" data-id=\"e42c59e\" data-element_type=\"column\" data-settings=\"{&quot;background_background&quot;:&quot;classic&quot;}\">\n\t\t\t<div class=\"elementor-widget-wrap elementor-element-populated\">\n\t\t\t\t\t\t<div class=\"elementor-element elementor-element-80d0283 elementor-widget elementor-widget-text-editor\" data-id=\"80d0283\" data-element_type=\"widget\" data-widget_type=\"text-editor.default\">\n\t\t\t\t<div class=\"elementor-widget-container\">\n\t\t\t\t\t\t\t\t\t<div class=\"wpb_text_column wpb_content_element \"><div class=\"wpb_wrapper\"><div class=\"wpb_text_column wpb_content_element \"><div class=\"wpb_wrapper\"><div class=\"wpb_text_column wpb_content_element \"><div class=\"wpb_wrapper\"><p>Bei Motion <em>Imagination Experience<\/em> k\u00f6nnen audiovisuelle Aufnahmen zur Ver\u00f6ffentlichung im Internet oder im Fernsehen gemacht werden. Mit dem Besuch von Motion erkl\u00e4rt sich der Besucher unwiderruflich und bedingungslos damit einverstanden, dass Aufnahmen von ihm gemacht werden k\u00f6nnen. Soweit der Besucher im Zusammenhang mit den Aufnahmen geistige Eigentumsrechte, einschlie\u00dflich Urheber- und\/oder Leistungsschutzrechte, geltend machen k\u00f6nnte, \u00fcbertr\u00e4gt der Besucher bereits jetzt &#8211; im Voraus &#8211; alle (gegenw\u00e4rtigen und zuk\u00fcnftigen) weltweiten, uneingeschr\u00e4nkten (geistigen Eigentums-)Rechte vollst\u00e4ndig, unwiderruflich und bedingungslos an Dinner in Motion b.v. (Muttergesellschaft von Motion).<\/p><p>Motion hat das uneingeschr\u00e4nkte Recht, die Aufnahmen im Ganzen und\/oder in Teilen im weitesten Sinne des Wortes in jeder jetzt oder in Zukunft bekannten Weise zu ver\u00f6ffentlichen, zu vervielf\u00e4ltigen, der \u00d6ffentlichkeit zug\u00e4nglich zu machen oder anderweitig zu verwerten. Dies beinhaltet unter anderem das Recht von Motion, die Aufnahmen (wiederholt) im Fernsehen auszustrahlen, auf DVDs oder im Internet zu verwenden oder anderweitig zu verwerten. Die Organisation kann f\u00fcr Diebstahl, Verlust oder Besch\u00e4digung nicht haftbar gemacht werden. Der Zugang zu dem Erlebnis f\u00fcr Kinder unter 12 Jahren ist nur unter der Aufsicht und Verantwortung der Eltern und\/oder des Erziehungsberechtigten m\u00f6glich.<\/p><\/div><\/div><div class=\"vc_empty_space\"> <\/div><\/div><\/div><\/div><\/div>\t\t\t\t\t\t\t\t<\/div>\n\t\t\t\t<\/div>\n\t\t\t\t\t<\/div>\n\t\t<\/div>\n\t\t\t\t\t<\/div>\n\t\t<\/section>\n\t\t\t\t<\/div>\n\t\t","protected":false},"excerpt":{"rendered":"<p>Haftungsausschluss Bei Motion Imagination Experience k\u00f6nnen audiovisuelle Aufnahmen zur Ver\u00f6ffentlichung im Internet oder im Fernsehen gemacht werden. Mit dem Besuch von Motion erkl\u00e4rt sich der Besucher unwiderruflich und bedingungslos damit einverstanden, dass Aufnahmen von ihm gemacht werden k\u00f6nnen. Soweit der Besucher im Zusammenhang mit den Aufnahmen geistige Eigentumsrechte, einschlie\u00dflich Urheber- und\/oder Leistungsschutzrechte, geltend machen k\u00f6nnte, \u00fcbertr\u00e4gt der Besucher bereits jetzt &#8211; im Voraus &#8211; alle (gegenw\u00e4rtigen und zuk\u00fcnftigen) weltweiten, uneingeschr\u00e4nkten (geistigen Eigentums-)Rechte vollst\u00e4ndig, unwiderruflich und bedingungslos an Dinner in Motion b.v. (Muttergesellschaft von Motion). Motion hat das uneingeschr\u00e4nkte Recht, die Aufnahmen im Ganzen und\/oder in Teilen im weitesten Sinne des Wortes in jeder jetzt oder in Zukunft bekannten Weise zu ver\u00f6ffentlichen, zu vervielf\u00e4ltigen, der \u00d6ffentlichkeit zug\u00e4nglich zu machen oder anderweitig zu verwerten. Dies beinhaltet unter anderem das Recht von Motion, die Aufnahmen (wiederholt) im Fernsehen auszustrahlen, auf DVDs oder im Internet zu verwenden oder anderweitig zu verwerten. Die Organisation kann f\u00fcr Diebstahl, Verlust oder Besch\u00e4digung nicht haftbar gemacht werden. Der Zugang zu dem Erlebnis f\u00fcr Kinder unter 12 Jahren ist nur unter der Aufsicht und Verantwortung der Eltern und\/oder des Erziehungsberechtigten m\u00f6glich.<\/p>\n","protected":false},"author":1,"featured_media":0,"parent":0,"menu_order":10,"comment_status":"closed","ping_status":"closed","template":"elementor_header_footer","meta":{"footnotes":""},"class_list":["post-6720","page","type-page","status-publish","hentry"],"yoast_head":"<!-- This site is optimized with the Yoast SEO plugin v27.5 - https:\/\/yoast.com\/product\/yoast-seo-wordpress\/ -->\n<title>Haftungsausschluss - Motion Experience<\/title>\n<meta name=\"robots\" content=\"index, follow, max-snippet:-1, max-image-preview:large, max-video-preview:-1\" \/>\n<link rel=\"canonical\" href=\"https:\/\/motionexperience.nl\/de\/haftungsausschluss\/\" \/>\n<meta property=\"og:locale\" content=\"de_DE\" \/>\n<meta property=\"og:type\" content=\"article\" \/>\n<meta property=\"og:title\" content=\"Haftungsausschluss - Motion Experience\" \/>\n<meta property=\"og:description\" content=\"Haftungsausschluss Bei Motion Imagination Experience k\u00f6nnen audiovisuelle Aufnahmen zur Ver\u00f6ffentlichung im Internet oder im Fernsehen gemacht werden. Mit dem Besuch von Motion erkl\u00e4rt sich der Besucher unwiderruflich und bedingungslos damit einverstanden, dass Aufnahmen von ihm gemacht werden k\u00f6nnen. Soweit der Besucher im Zusammenhang mit den Aufnahmen geistige Eigentumsrechte, einschlie\u00dflich Urheber- und\/oder Leistungsschutzrechte, geltend machen k\u00f6nnte, \u00fcbertr\u00e4gt der Besucher bereits jetzt &#8211; im Voraus &#8211; alle (gegenw\u00e4rtigen und zuk\u00fcnftigen) weltweiten, uneingeschr\u00e4nkten (geistigen Eigentums-)Rechte vollst\u00e4ndig, unwiderruflich und bedingungslos an Dinner in Motion b.v. (Muttergesellschaft von Motion). Motion hat das uneingeschr\u00e4nkte Recht, die Aufnahmen im Ganzen und\/oder in Teilen im weitesten Sinne des Wortes in jeder jetzt oder in Zukunft bekannten Weise zu ver\u00f6ffentlichen, zu vervielf\u00e4ltigen, der \u00d6ffentlichkeit zug\u00e4nglich zu machen oder anderweitig zu verwerten. Dies beinhaltet unter anderem das Recht von Motion, die Aufnahmen (wiederholt) im Fernsehen auszustrahlen, auf DVDs oder im Internet zu verwenden oder anderweitig zu verwerten. Die Organisation kann f\u00fcr Diebstahl, Verlust oder Besch\u00e4digung nicht haftbar gemacht werden. Der Zugang zu dem Erlebnis f\u00fcr Kinder unter 12 Jahren ist nur unter der Aufsicht und Verantwortung der Eltern und\/oder des Erziehungsberechtigten m\u00f6glich.\" \/>\n<meta property=\"og:url\" content=\"https:\/\/motionexperience.nl\/de\/haftungsausschluss\/\" \/>\n<meta property=\"og:site_name\" content=\"Motion Experience\" \/>\n<meta property=\"article:modified_time\" content=\"2025-06-13T10:09:57+00:00\" \/>\n<meta name=\"twitter:card\" content=\"summary_large_image\" \/>\n<meta name=\"twitter:label1\" content=\"Gesch\u00e4tzte Lesezeit\" \/>\n\t<meta name=\"twitter:data1\" content=\"1\u00a0Minute\" \/>\n<script type=\"application\/ld+json\" class=\"yoast-schema-graph\">{\"@context\":\"https:\\\/\\\/schema.org\",\"@graph\":[{\"@type\":\"WebPage\",\"@id\":\"https:\\\/\\\/motionexperience.nl\\\/de\\\/haftungsausschluss\\\/\",\"url\":\"https:\\\/\\\/motionexperience.nl\\\/de\\\/haftungsausschluss\\\/\",\"name\":\"Haftungsausschluss - Motion Experience\",\"isPartOf\":{\"@id\":\"https:\\\/\\\/motionexperience.nl\\\/de\\\/#website\"},\"datePublished\":\"2022-08-02T14:22:44+00:00\",\"dateModified\":\"2025-06-13T10:09:57+00:00\",\"inLanguage\":\"de\",\"potentialAction\":[{\"@type\":\"ReadAction\",\"target\":[\"https:\\\/\\\/motionexperience.nl\\\/de\\\/haftungsausschluss\\\/\"]}]},{\"@type\":\"WebSite\",\"@id\":\"https:\\\/\\\/motionexperience.nl\\\/de\\\/#website\",\"url\":\"https:\\\/\\\/motionexperience.nl\\\/de\\\/\",\"name\":\"Motion Experience\",\"description\":\"Light Art Playground Eindhoven\",\"potentialAction\":[{\"@type\":\"SearchAction\",\"target\":{\"@type\":\"EntryPoint\",\"urlTemplate\":\"https:\\\/\\\/motionexperience.nl\\\/de\\\/?s={search_term_string}\"},\"query-input\":{\"@type\":\"PropertyValueSpecification\",\"valueRequired\":true,\"valueName\":\"search_term_string\"}}],\"inLanguage\":\"de\"}]}<\/script>\n<!-- \/ Yoast SEO plugin. -->","yoast_head_json":{"title":"Haftungsausschluss - Motion Experience","robots":{"index":"index","follow":"follow","max-snippet":"max-snippet:-1","max-image-preview":"max-image-preview:large","max-video-preview":"max-video-preview:-1"},"canonical":"https:\/\/motionexperience.nl\/de\/haftungsausschluss\/","og_locale":"de_DE","og_type":"article","og_title":"Haftungsausschluss - Motion Experience","og_description":"Haftungsausschluss Bei Motion Imagination Experience k\u00f6nnen audiovisuelle Aufnahmen zur Ver\u00f6ffentlichung im Internet oder im Fernsehen gemacht werden. Mit dem Besuch von Motion erkl\u00e4rt sich der Besucher unwiderruflich und bedingungslos damit einverstanden, dass Aufnahmen von ihm gemacht werden k\u00f6nnen. Soweit der Besucher im Zusammenhang mit den Aufnahmen geistige Eigentumsrechte, einschlie\u00dflich Urheber- und\/oder Leistungsschutzrechte, geltend machen k\u00f6nnte, \u00fcbertr\u00e4gt der Besucher bereits jetzt &#8211; im Voraus &#8211; alle (gegenw\u00e4rtigen und zuk\u00fcnftigen) weltweiten, uneingeschr\u00e4nkten (geistigen Eigentums-)Rechte vollst\u00e4ndig, unwiderruflich und bedingungslos an Dinner in Motion b.v. (Muttergesellschaft von Motion). Motion hat das uneingeschr\u00e4nkte Recht, die Aufnahmen im Ganzen und\/oder in Teilen im weitesten Sinne des Wortes in jeder jetzt oder in Zukunft bekannten Weise zu ver\u00f6ffentlichen, zu vervielf\u00e4ltigen, der \u00d6ffentlichkeit zug\u00e4nglich zu machen oder anderweitig zu verwerten. Dies beinhaltet unter anderem das Recht von Motion, die Aufnahmen (wiederholt) im Fernsehen auszustrahlen, auf DVDs oder im Internet zu verwenden oder anderweitig zu verwerten. Die Organisation kann f\u00fcr Diebstahl, Verlust oder Besch\u00e4digung nicht haftbar gemacht werden. Der Zugang zu dem Erlebnis f\u00fcr Kinder unter 12 Jahren ist nur unter der Aufsicht und Verantwortung der Eltern und\/oder des Erziehungsberechtigten m\u00f6glich.","og_url":"https:\/\/motionexperience.nl\/de\/haftungsausschluss\/","og_site_name":"Motion Experience","article_modified_time":"2025-06-13T10:09:57+00:00","twitter_card":"summary_large_image","twitter_misc":{"Gesch\u00e4tzte Lesezeit":"1\u00a0Minute"},"schema":{"@context":"https:\/\/schema.org","@graph":[{"@type":"WebPage","@id":"https:\/\/motionexperience.nl\/de\/haftungsausschluss\/","url":"https:\/\/motionexperience.nl\/de\/haftungsausschluss\/","name":"Haftungsausschluss - Motion Experience","isPartOf":{"@id":"https:\/\/motionexperience.nl\/de\/#website"},"datePublished":"2022-08-02T14:22:44+00:00","dateModified":"2025-06-13T10:09:57+00:00","inLanguage":"de","potentialAction":[{"@type":"ReadAction","target":["https:\/\/motionexperience.nl\/de\/haftungsausschluss\/"]}]},{"@type":"WebSite","@id":"https:\/\/motionexperience.nl\/de\/#website","url":"https:\/\/motionexperience.nl\/de\/","name":"Motion Experience","description":"Light Art Playground Eindhoven","potentialAction":[{"@type":"SearchAction","target":{"@type":"EntryPoint","urlTemplate":"https:\/\/motionexperience.nl\/de\/?s={search_term_string}"},"query-input":{"@type":"PropertyValueSpecification","valueRequired":true,"valueName":"search_term_string"}}],"inLanguage":"de"}]}},"_links":{"self":[{"href":"https:\/\/motionexperience.nl\/de\/wp-json\/wp\/v2\/pages\/6720","targetHints":{"allow":["GET"]}}],"collection":[{"href":"https:\/\/motionexperience.nl\/de\/wp-json\/wp\/v2\/pages"}],"about":[{"href":"https:\/\/motionexperience.nl\/de\/wp-json\/wp\/v2\/types\/page"}],"author":[{"embeddable":true,"href":"https:\/\/motionexperience.nl\/de\/wp-json\/wp\/v2\/users\/1"}],"replies":[{"embeddable":true,"href":"https:\/\/motionexperience.nl\/de\/wp-json\/wp\/v2\/comments?post=6720"}],"version-history":[{"count":1,"href":"https:\/\/motionexperience.nl\/de\/wp-json\/wp\/v2\/pages\/6720\/revisions"}],"predecessor-version":[{"id":6721,"href":"https:\/\/motionexperience.nl\/de\/wp-json\/wp\/v2\/pages\/6720\/revisions\/6721"}],"wp:attachment":[{"href":"https:\/\/motionexperience.nl\/de\/wp-json\/wp\/v2\/media?parent=6720"}],"curies":[{"name":"wp","href":"https:\/\/api.w.org\/{rel}","templated":true}]}}