{"id":6718,"date":"2022-07-29T15:20:36","date_gmt":"2022-07-29T15:20:36","guid":{"rendered":"https:\/\/motionexperience.nl\/ueber-bewegung\/"},"modified":"2025-06-13T11:01:26","modified_gmt":"2025-06-13T11:01:26","slug":"ueber-uns","status":"publish","type":"page","link":"https:\/\/motionexperience.nl\/de\/ueber-uns\/","title":{"rendered":"\u00dcber uns"},"content":{"rendered":"\t\t<div data-elementor-type=\"wp-post\" data-elementor-id=\"6718\" class=\"elementor elementor-6718 elementor-828\" data-elementor-post-type=\"page\">\n\t\t\t\t\t\t<section class=\"elementor-section elementor-top-section elementor-element elementor-element-a1e1ebb elementor-section-boxed elementor-section-height-default elementor-section-height-default wpr-particle-no wpr-jarallax-no wpr-parallax-no wpr-sticky-section-no\" data-id=\"a1e1ebb\" data-element_type=\"section\">\n\t\t\t\t\t\t<div class=\"elementor-container elementor-column-gap-default\">\n\t\t\t\t\t<div class=\"elementor-column elementor-col-100 elementor-top-column elementor-element elementor-element-f9f54dc\" data-id=\"f9f54dc\" data-element_type=\"column\">\n\t\t\t<div class=\"elementor-widget-wrap elementor-element-populated\">\n\t\t\t\t\t\t<div class=\"elementor-element elementor-element-11eac49 elementor-widget elementor-widget-heading\" data-id=\"11eac49\" data-element_type=\"widget\" data-widget_type=\"heading.default\">\n\t\t\t\t<div class=\"elementor-widget-container\">\n\t\t\t\t\t<h1 class=\"elementor-heading-title elementor-size-default\">\u00dcber uns<\/h1>\t\t\t\t<\/div>\n\t\t\t\t<\/div>\n\t\t\t\t\t<\/div>\n\t\t<\/div>\n\t\t\t\t\t<\/div>\n\t\t<\/section>\n\t\t\t\t<section class=\"elementor-section elementor-top-section elementor-element elementor-element-a7ac121 elementor-section-height-min-height elementor-section-items-stretch elementor-section-boxed elementor-section-height-default wpr-particle-no wpr-jarallax-no wpr-parallax-no wpr-sticky-section-no\" data-id=\"a7ac121\" data-element_type=\"section\" data-settings=\"{&quot;animation&quot;:&quot;none&quot;}\">\n\t\t\t\t\t\t<div class=\"elementor-container elementor-column-gap-default\">\n\t\t\t\t\t<div class=\"elementor-column elementor-col-50 elementor-top-column elementor-element elementor-element-3289ec5\" data-id=\"3289ec5\" data-element_type=\"column\" data-settings=\"{&quot;background_background&quot;:&quot;classic&quot;}\">\n\t\t\t<div class=\"elementor-widget-wrap elementor-element-populated\">\n\t\t\t\t\t\t<div class=\"elementor-element elementor-element-4a335db elementor-widget elementor-widget-spacer\" data-id=\"4a335db\" data-element_type=\"widget\" data-widget_type=\"spacer.default\">\n\t\t\t\t<div class=\"elementor-widget-container\">\n\t\t\t\t\t\t\t<div class=\"elementor-spacer\">\n\t\t\t<div class=\"elementor-spacer-inner\"><\/div>\n\t\t<\/div>\n\t\t\t\t\t\t<\/div>\n\t\t\t\t<\/div>\n\t\t\t\t\t<\/div>\n\t\t<\/div>\n\t\t\t\t<div class=\"elementor-column elementor-col-50 elementor-top-column elementor-element elementor-element-e711847\" data-id=\"e711847\" data-element_type=\"column\" data-settings=\"{&quot;background_background&quot;:&quot;classic&quot;}\">\n\t\t\t<div class=\"elementor-widget-wrap elementor-element-populated\">\n\t\t\t\t\t\t<div class=\"elementor-element elementor-element-2754b2a elementor-widget elementor-widget-text-editor\" data-id=\"2754b2a\" data-element_type=\"widget\" data-widget_type=\"text-editor.default\">\n\t\t\t\t<div class=\"elementor-widget-container\">\n\t\t\t\t\t\t\t\t\t<p style=\"font-weight: 400;\">Motion ist ein Kollektiv aus 3D-Designern, Lichtk\u00fcnstlern, interaktiven Designern, Komponisten, Geschichtenerz\u00e4hlern, Programmierern und AV-Spezialisten. Gemeinsam wollen sie eine Welt des Lichts erschaffen, in der die Besucher erstaunt sind und sich selbst als Teil der Erfahrung f\u00fchlen. <\/p><p style=\"font-weight: 400;\">Die Kraft der Zusammenarbeit mit so vielen Talenten schafft eine hohe Pioniermentalit\u00e4t. Es gibt viel Wissen und Kreativit\u00e4t im Haus, um zu experimentieren und so entstehen die sch\u00f6nsten Installationen. <\/p><p style=\"font-weight: 400;\">Lichtkunst ist keine buchst\u00e4bliche Angelegenheit. Die Psychologie hinter den Werken und die Wirkung, die sie auf die Besucher haben, ist etwas, das die Sch\u00f6pfer t\u00e4glich besch\u00e4ftigt. St\u00e4ndig erfinden sie sich neu. Motion bedeutet Bewegung, ein Wort, f\u00fcr das Motion steht.   <br><br>Seit 25 Jahren besch\u00e4ftigt sich der Gr\u00fcnder Bram van der Vorst mit der Anwendbarkeit von Bildtechnologie und deren Wirkung auf den Menschen. Um die \u00d6ffentlichkeit auf zug\u00e4ngliche Weise erleben zu lassen, was heutzutage in Bezug auf digitale Lichtprojektionen m\u00f6glich ist, wurde Motion gegr\u00fcndet. Heute leitet er das Kollektiv und holt Talente zu Motion.  <\/p>\t\t\t\t\t\t\t\t<\/div>\n\t\t\t\t<\/div>\n\t\t\t\t\t<\/div>\n\t\t<\/div>\n\t\t\t\t\t<\/div>\n\t\t<\/section>\n\t\t\t\t<section class=\"elementor-section elementor-top-section elementor-element elementor-element-510b703 elementor-section-height-min-height elementor-section-items-stretch elementor-reverse-mobile elementor-reverse-tablet elementor-section-boxed elementor-section-height-default wpr-particle-no wpr-jarallax-no wpr-parallax-no wpr-sticky-section-no\" data-id=\"510b703\" data-element_type=\"section\" data-settings=\"{&quot;animation&quot;:&quot;none&quot;}\">\n\t\t\t\t\t\t<div class=\"elementor-container elementor-column-gap-default\">\n\t\t\t\t\t<div class=\"elementor-column elementor-col-50 elementor-top-column elementor-element elementor-element-5fc756c\" data-id=\"5fc756c\" data-element_type=\"column\" data-settings=\"{&quot;background_background&quot;:&quot;classic&quot;}\">\n\t\t\t<div class=\"elementor-widget-wrap elementor-element-populated\">\n\t\t\t\t\t\t<div class=\"elementor-element elementor-element-1956342 elementor-widget elementor-widget-text-editor\" data-id=\"1956342\" data-element_type=\"widget\" data-widget_type=\"text-editor.default\">\n\t\t\t\t<div class=\"elementor-widget-container\">\n\t\t\t\t\t\t\t\t\t<div class=\"wpb_text_column wpb_content_element \"><div class=\"wpb_wrapper\"><div class=\"q_elements_item \" data-1280-1440=\"70px 67px 70px 100px\" data-1024-1280=\"95px 74px 94px 70px\" data-768-1024=\"53px 50px 53px 50px\" data-480-600=\"40px 40px 40px 40px\" data-480=\"40px 40px 40px 40px\" data-animation=\"no\" data-item-class=\"q_elements_holder_custom_745422\"><div class=\"q_elements_item_inner\"><div class=\"q_elements_item_content q_elements_holder_custom_745422\"><div class=\"wpb_text_column wpb_content_element \"><div class=\"wpb_wrapper\"><p style=\"font-weight: 400;\"><span style=\"background-color: var( --e-global-color-bd48988 ); color: var( --e-global-color-text );\">Chefdesigner Gijs Kusters: \u201eDie Arbeit bei Motion ist eine st\u00e4ndige Herausforderung. Wir arbeiten mit den neuesten Techniken und Innovationen, um unseren Ideen eine Form zu geben. Dies f\u00fchrt zu kreativen Ausdr\u00fccken unserer Konzepte\u201c.<\/span><\/p><p style=\"font-weight: 400;\">Tim Riemens, Head of Engineering &amp; ICT: \u201eDie technologische Entwicklung ist heute so rasant, dass unsere M\u00f6glichkeiten fast grenzenlos sind. Bei Motion sind wir immer in der Lage, die Anwendbarkeit der neuesten Technologien auszuprobieren. Wir experimentieren mit der neuesten Software und erkunden, was wir damit machen k\u00f6nnen\u201c.<\/p><p style=\"font-weight: 400;\">Konzeptdesignerin Maud Peeters: \u201eEine ganze Welt entsteht in Bezug auf Live-Erlebnisse. Motion ist einzigartig in seiner Art und versucht wirklich, den Besucher f\u00fcr einen Moment aus der Realit\u00e4t zu entf\u00fchren. Die Kombination aus Live-Erlebnis und Anwendbarkeit von Technologie l\u00e4sst die G\u00e4ste staunen. Dar\u00fcber hinaus ist Motion als Konzept so vielseitig, dass die Anwendungsm\u00f6glichkeiten endlos sind.\u201c<\/p><\/div><\/div><\/div><\/div><\/div><\/div><\/div>\t\t\t\t\t\t\t\t<\/div>\n\t\t\t\t<\/div>\n\t\t\t\t\t<\/div>\n\t\t<\/div>\n\t\t\t\t<div class=\"elementor-column elementor-col-50 elementor-top-column elementor-element elementor-element-16bb06a\" data-id=\"16bb06a\" data-element_type=\"column\" data-settings=\"{&quot;background_background&quot;:&quot;classic&quot;}\">\n\t\t\t<div class=\"elementor-widget-wrap elementor-element-populated\">\n\t\t\t\t\t\t<div class=\"elementor-element elementor-element-8832b21 elementor-widget elementor-widget-spacer\" data-id=\"8832b21\" data-element_type=\"widget\" data-widget_type=\"spacer.default\">\n\t\t\t\t<div class=\"elementor-widget-container\">\n\t\t\t\t\t\t\t<div class=\"elementor-spacer\">\n\t\t\t<div class=\"elementor-spacer-inner\"><\/div>\n\t\t<\/div>\n\t\t\t\t\t\t<\/div>\n\t\t\t\t<\/div>\n\t\t\t\t\t<\/div>\n\t\t<\/div>\n\t\t\t\t\t<\/div>\n\t\t<\/section>\n\t\t\t\t<\/div>\n\t\t","protected":false},"excerpt":{"rendered":"<p>\u00dcber uns Motion ist ein Kollektiv aus 3D-Designern, Lichtk\u00fcnstlern, interaktiven Designern, Komponisten, Geschichtenerz\u00e4hlern, Programmierern und AV-Spezialisten. Gemeinsam wollen sie eine Welt des Lichts erschaffen, in der die Besucher erstaunt sind und sich selbst als Teil der Erfahrung f\u00fchlen. Die Kraft der Zusammenarbeit mit so vielen Talenten schafft eine hohe Pioniermentalit\u00e4t. Es gibt viel Wissen und Kreativit\u00e4t im Haus, um zu experimentieren und so entstehen die sch\u00f6nsten Installationen. Lichtkunst ist keine buchst\u00e4bliche Angelegenheit. Die Psychologie hinter den Werken und die Wirkung, die sie auf die Besucher haben, ist etwas, das die Sch\u00f6pfer t\u00e4glich besch\u00e4ftigt. St\u00e4ndig erfinden sie sich neu. Motion bedeutet Bewegung, ein Wort, f\u00fcr das Motion steht. Seit 25 Jahren besch\u00e4ftigt sich der Gr\u00fcnder Bram van der Vorst mit der Anwendbarkeit von Bildtechnologie und deren Wirkung auf den Menschen. Um die \u00d6ffentlichkeit auf zug\u00e4ngliche Weise erleben zu lassen, was heutzutage in Bezug auf digitale Lichtprojektionen m\u00f6glich ist, wurde Motion gegr\u00fcndet. Heute leitet er das Kollektiv und holt Talente zu Motion. Chefdesigner Gijs Kusters: \u201eDie Arbeit bei Motion ist eine st\u00e4ndige Herausforderung. Wir arbeiten mit den neuesten Techniken und Innovationen, um unseren Ideen eine Form zu geben. Dies f\u00fchrt zu kreativen Ausdr\u00fccken unserer Konzepte\u201c. Tim Riemens, Head of Engineering &amp; ICT: \u201eDie technologische Entwicklung ist heute so rasant, dass unsere M\u00f6glichkeiten fast grenzenlos sind. Bei Motion sind wir immer in der Lage, die Anwendbarkeit der neuesten Technologien auszuprobieren. Wir experimentieren mit der neuesten Software und erkunden, was wir damit machen k\u00f6nnen\u201c. Konzeptdesignerin Maud Peeters: \u201eEine ganze Welt entsteht in Bezug auf Live-Erlebnisse. Motion ist einzigartig in seiner Art und versucht wirklich, den Besucher f\u00fcr einen Moment aus der Realit\u00e4t zu entf\u00fchren. Die Kombination aus Live-Erlebnis und Anwendbarkeit von Technologie l\u00e4sst die G\u00e4ste staunen. Dar\u00fcber hinaus ist Motion als Konzept so vielseitig, dass die Anwendungsm\u00f6glichkeiten endlos sind.\u201c<\/p>\n","protected":false},"author":1,"featured_media":0,"parent":0,"menu_order":7,"comment_status":"closed","ping_status":"closed","template":"elementor_header_footer","meta":{"footnotes":""},"class_list":["post-6718","page","type-page","status-publish","hentry"],"yoast_head":"<!-- This site is optimized with the Yoast SEO plugin v27.5 - https:\/\/yoast.com\/product\/yoast-seo-wordpress\/ -->\n<title>\u00dcber uns - Motion Experience<\/title>\n<meta name=\"robots\" content=\"index, follow, max-snippet:-1, max-image-preview:large, max-video-preview:-1\" \/>\n<link rel=\"canonical\" href=\"https:\/\/motionexperience.nl\/de\/ueber-uns\/\" \/>\n<meta property=\"og:locale\" content=\"de_DE\" \/>\n<meta property=\"og:type\" content=\"article\" \/>\n<meta property=\"og:title\" content=\"\u00dcber uns - Motion Experience\" \/>\n<meta property=\"og:description\" content=\"\u00dcber uns Motion ist ein Kollektiv aus 3D-Designern, Lichtk\u00fcnstlern, interaktiven Designern, Komponisten, Geschichtenerz\u00e4hlern, Programmierern und AV-Spezialisten. Gemeinsam wollen sie eine Welt des Lichts erschaffen, in der die Besucher erstaunt sind und sich selbst als Teil der Erfahrung f\u00fchlen. Die Kraft der Zusammenarbeit mit so vielen Talenten schafft eine hohe Pioniermentalit\u00e4t. Es gibt viel Wissen und Kreativit\u00e4t im Haus, um zu experimentieren und so entstehen die sch\u00f6nsten Installationen. Lichtkunst ist keine buchst\u00e4bliche Angelegenheit. Die Psychologie hinter den Werken und die Wirkung, die sie auf die Besucher haben, ist etwas, das die Sch\u00f6pfer t\u00e4glich besch\u00e4ftigt. St\u00e4ndig erfinden sie sich neu. Motion bedeutet Bewegung, ein Wort, f\u00fcr das Motion steht. Seit 25 Jahren besch\u00e4ftigt sich der Gr\u00fcnder Bram van der Vorst mit der Anwendbarkeit von Bildtechnologie und deren Wirkung auf den Menschen. Um die \u00d6ffentlichkeit auf zug\u00e4ngliche Weise erleben zu lassen, was heutzutage in Bezug auf digitale Lichtprojektionen m\u00f6glich ist, wurde Motion gegr\u00fcndet. Heute leitet er das Kollektiv und holt Talente zu Motion. Chefdesigner Gijs Kusters: \u201eDie Arbeit bei Motion ist eine st\u00e4ndige Herausforderung. Wir arbeiten mit den neuesten Techniken und Innovationen, um unseren Ideen eine Form zu geben. Dies f\u00fchrt zu kreativen Ausdr\u00fccken unserer Konzepte\u201c. Tim Riemens, Head of Engineering &amp; ICT: \u201eDie technologische Entwicklung ist heute so rasant, dass unsere M\u00f6glichkeiten fast grenzenlos sind. Bei Motion sind wir immer in der Lage, die Anwendbarkeit der neuesten Technologien auszuprobieren. Wir experimentieren mit der neuesten Software und erkunden, was wir damit machen k\u00f6nnen\u201c. Konzeptdesignerin Maud Peeters: \u201eEine ganze Welt entsteht in Bezug auf Live-Erlebnisse. Motion ist einzigartig in seiner Art und versucht wirklich, den Besucher f\u00fcr einen Moment aus der Realit\u00e4t zu entf\u00fchren. Die Kombination aus Live-Erlebnis und Anwendbarkeit von Technologie l\u00e4sst die G\u00e4ste staunen. Dar\u00fcber hinaus ist Motion als Konzept so vielseitig, dass die Anwendungsm\u00f6glichkeiten endlos sind.\u201c\" \/>\n<meta property=\"og:url\" content=\"https:\/\/motionexperience.nl\/de\/ueber-uns\/\" \/>\n<meta property=\"og:site_name\" content=\"Motion Experience\" \/>\n<meta property=\"article:modified_time\" content=\"2025-06-13T11:01:26+00:00\" \/>\n<meta name=\"twitter:card\" content=\"summary_large_image\" \/>\n<meta name=\"twitter:label1\" content=\"Gesch\u00e4tzte Lesezeit\" \/>\n\t<meta name=\"twitter:data1\" content=\"2\u00a0Minuten\" \/>\n<script type=\"application\/ld+json\" class=\"yoast-schema-graph\">{\"@context\":\"https:\\\/\\\/schema.org\",\"@graph\":[{\"@type\":\"WebPage\",\"@id\":\"https:\\\/\\\/motionexperience.nl\\\/de\\\/ueber-uns\\\/\",\"url\":\"https:\\\/\\\/motionexperience.nl\\\/de\\\/ueber-uns\\\/\",\"name\":\"\u00dcber uns - Motion Experience\",\"isPartOf\":{\"@id\":\"https:\\\/\\\/motionexperience.nl\\\/de\\\/#website\"},\"datePublished\":\"2022-07-29T15:20:36+00:00\",\"dateModified\":\"2025-06-13T11:01:26+00:00\",\"inLanguage\":\"de\",\"potentialAction\":[{\"@type\":\"ReadAction\",\"target\":[\"https:\\\/\\\/motionexperience.nl\\\/de\\\/ueber-uns\\\/\"]}]},{\"@type\":\"WebSite\",\"@id\":\"https:\\\/\\\/motionexperience.nl\\\/de\\\/#website\",\"url\":\"https:\\\/\\\/motionexperience.nl\\\/de\\\/\",\"name\":\"Motion Experience\",\"description\":\"Light Art Playground Eindhoven\",\"potentialAction\":[{\"@type\":\"SearchAction\",\"target\":{\"@type\":\"EntryPoint\",\"urlTemplate\":\"https:\\\/\\\/motionexperience.nl\\\/de\\\/?s={search_term_string}\"},\"query-input\":{\"@type\":\"PropertyValueSpecification\",\"valueRequired\":true,\"valueName\":\"search_term_string\"}}],\"inLanguage\":\"de\"}]}<\/script>\n<!-- \/ Yoast SEO plugin. -->","yoast_head_json":{"title":"\u00dcber uns - Motion Experience","robots":{"index":"index","follow":"follow","max-snippet":"max-snippet:-1","max-image-preview":"max-image-preview:large","max-video-preview":"max-video-preview:-1"},"canonical":"https:\/\/motionexperience.nl\/de\/ueber-uns\/","og_locale":"de_DE","og_type":"article","og_title":"\u00dcber uns - Motion Experience","og_description":"\u00dcber uns Motion ist ein Kollektiv aus 3D-Designern, Lichtk\u00fcnstlern, interaktiven Designern, Komponisten, Geschichtenerz\u00e4hlern, Programmierern und AV-Spezialisten. Gemeinsam wollen sie eine Welt des Lichts erschaffen, in der die Besucher erstaunt sind und sich selbst als Teil der Erfahrung f\u00fchlen. Die Kraft der Zusammenarbeit mit so vielen Talenten schafft eine hohe Pioniermentalit\u00e4t. Es gibt viel Wissen und Kreativit\u00e4t im Haus, um zu experimentieren und so entstehen die sch\u00f6nsten Installationen. Lichtkunst ist keine buchst\u00e4bliche Angelegenheit. Die Psychologie hinter den Werken und die Wirkung, die sie auf die Besucher haben, ist etwas, das die Sch\u00f6pfer t\u00e4glich besch\u00e4ftigt. St\u00e4ndig erfinden sie sich neu. Motion bedeutet Bewegung, ein Wort, f\u00fcr das Motion steht. Seit 25 Jahren besch\u00e4ftigt sich der Gr\u00fcnder Bram van der Vorst mit der Anwendbarkeit von Bildtechnologie und deren Wirkung auf den Menschen. Um die \u00d6ffentlichkeit auf zug\u00e4ngliche Weise erleben zu lassen, was heutzutage in Bezug auf digitale Lichtprojektionen m\u00f6glich ist, wurde Motion gegr\u00fcndet. Heute leitet er das Kollektiv und holt Talente zu Motion. Chefdesigner Gijs Kusters: \u201eDie Arbeit bei Motion ist eine st\u00e4ndige Herausforderung. Wir arbeiten mit den neuesten Techniken und Innovationen, um unseren Ideen eine Form zu geben. Dies f\u00fchrt zu kreativen Ausdr\u00fccken unserer Konzepte\u201c. Tim Riemens, Head of Engineering &amp; ICT: \u201eDie technologische Entwicklung ist heute so rasant, dass unsere M\u00f6glichkeiten fast grenzenlos sind. Bei Motion sind wir immer in der Lage, die Anwendbarkeit der neuesten Technologien auszuprobieren. Wir experimentieren mit der neuesten Software und erkunden, was wir damit machen k\u00f6nnen\u201c. Konzeptdesignerin Maud Peeters: \u201eEine ganze Welt entsteht in Bezug auf Live-Erlebnisse. Motion ist einzigartig in seiner Art und versucht wirklich, den Besucher f\u00fcr einen Moment aus der Realit\u00e4t zu entf\u00fchren. Die Kombination aus Live-Erlebnis und Anwendbarkeit von Technologie l\u00e4sst die G\u00e4ste staunen. Dar\u00fcber hinaus ist Motion als Konzept so vielseitig, dass die Anwendungsm\u00f6glichkeiten endlos sind.\u201c","og_url":"https:\/\/motionexperience.nl\/de\/ueber-uns\/","og_site_name":"Motion Experience","article_modified_time":"2025-06-13T11:01:26+00:00","twitter_card":"summary_large_image","twitter_misc":{"Gesch\u00e4tzte Lesezeit":"2\u00a0Minuten"},"schema":{"@context":"https:\/\/schema.org","@graph":[{"@type":"WebPage","@id":"https:\/\/motionexperience.nl\/de\/ueber-uns\/","url":"https:\/\/motionexperience.nl\/de\/ueber-uns\/","name":"\u00dcber uns - Motion Experience","isPartOf":{"@id":"https:\/\/motionexperience.nl\/de\/#website"},"datePublished":"2022-07-29T15:20:36+00:00","dateModified":"2025-06-13T11:01:26+00:00","inLanguage":"de","potentialAction":[{"@type":"ReadAction","target":["https:\/\/motionexperience.nl\/de\/ueber-uns\/"]}]},{"@type":"WebSite","@id":"https:\/\/motionexperience.nl\/de\/#website","url":"https:\/\/motionexperience.nl\/de\/","name":"Motion Experience","description":"Light Art Playground Eindhoven","potentialAction":[{"@type":"SearchAction","target":{"@type":"EntryPoint","urlTemplate":"https:\/\/motionexperience.nl\/de\/?s={search_term_string}"},"query-input":{"@type":"PropertyValueSpecification","valueRequired":true,"valueName":"search_term_string"}}],"inLanguage":"de"}]}},"_links":{"self":[{"href":"https:\/\/motionexperience.nl\/de\/wp-json\/wp\/v2\/pages\/6718","targetHints":{"allow":["GET"]}}],"collection":[{"href":"https:\/\/motionexperience.nl\/de\/wp-json\/wp\/v2\/pages"}],"about":[{"href":"https:\/\/motionexperience.nl\/de\/wp-json\/wp\/v2\/types\/page"}],"author":[{"embeddable":true,"href":"https:\/\/motionexperience.nl\/de\/wp-json\/wp\/v2\/users\/1"}],"replies":[{"embeddable":true,"href":"https:\/\/motionexperience.nl\/de\/wp-json\/wp\/v2\/comments?post=6718"}],"version-history":[{"count":7,"href":"https:\/\/motionexperience.nl\/de\/wp-json\/wp\/v2\/pages\/6718\/revisions"}],"predecessor-version":[{"id":6758,"href":"https:\/\/motionexperience.nl\/de\/wp-json\/wp\/v2\/pages\/6718\/revisions\/6758"}],"wp:attachment":[{"href":"https:\/\/motionexperience.nl\/de\/wp-json\/wp\/v2\/media?parent=6718"}],"curies":[{"name":"wp","href":"https:\/\/api.w.org\/{rel}","templated":true}]}}