{"id":6714,"date":"2022-08-02T15:48:54","date_gmt":"2022-08-02T15:48:54","guid":{"rendered":"https:\/\/motionexperience.nl\/besuchen-sie-uns\/"},"modified":"2025-06-13T10:08:35","modified_gmt":"2025-06-13T10:08:35","slug":"besuchen-sie-uns","status":"publish","type":"page","link":"https:\/\/motionexperience.nl\/de\/besuchen-sie-uns\/","title":{"rendered":"Besuchen Sie uns"},"content":{"rendered":"\t\t<div data-elementor-type=\"wp-post\" data-elementor-id=\"6714\" class=\"elementor elementor-6714 elementor-923\" data-elementor-post-type=\"page\">\n\t\t\t\t\t\t<section class=\"elementor-section elementor-top-section elementor-element elementor-element-607361a elementor-section-boxed elementor-section-height-default elementor-section-height-default wpr-particle-no wpr-jarallax-no wpr-parallax-no wpr-sticky-section-no\" data-id=\"607361a\" data-element_type=\"section\" data-settings=\"{&quot;animation&quot;:&quot;none&quot;,&quot;background_background&quot;:&quot;classic&quot;}\">\n\t\t\t\t\t\t<div class=\"elementor-container elementor-column-gap-default\">\n\t\t\t\t\t<div class=\"elementor-column elementor-col-100 elementor-top-column elementor-element elementor-element-c609419 elementor-hidden-desktop elementor-hidden-tablet\" data-id=\"c609419\" data-element_type=\"column\">\n\t\t\t<div class=\"elementor-widget-wrap\">\n\t\t\t\t\t\t\t<\/div>\n\t\t<\/div>\n\t\t\t\t\t<\/div>\n\t\t<\/section>\n\t\t\t\t<section class=\"elementor-section elementor-top-section elementor-element elementor-element-176a8ea elementor-section-height-min-height elementor-section-items-stretch elementor-section-boxed elementor-section-height-default wpr-particle-no wpr-jarallax-no wpr-parallax-no wpr-sticky-section-no\" data-id=\"176a8ea\" data-element_type=\"section\" data-settings=\"{&quot;animation&quot;:&quot;none&quot;}\">\n\t\t\t\t\t\t<div class=\"elementor-container elementor-column-gap-default\">\n\t\t\t\t\t<div class=\"elementor-column elementor-col-50 elementor-top-column elementor-element elementor-element-b65b036\" data-id=\"b65b036\" data-element_type=\"column\" data-settings=\"{&quot;background_background&quot;:&quot;classic&quot;}\">\n\t\t\t<div class=\"elementor-widget-wrap elementor-element-populated\">\n\t\t\t\t\t\t<div class=\"elementor-element elementor-element-2047070 elementor-widget elementor-widget-heading\" data-id=\"2047070\" data-element_type=\"widget\" data-widget_type=\"heading.default\">\n\t\t\t\t<div class=\"elementor-widget-container\">\n\t\t\t\t\t<h1 class=\"elementor-heading-title elementor-size-default\">Besuchen Sie uns\n<\/h1>\t\t\t\t<\/div>\n\t\t\t\t<\/div>\n\t\t\t\t<div class=\"elementor-element elementor-element-0447309 elementor-widget elementor-widget-spacer\" data-id=\"0447309\" data-element_type=\"widget\" data-widget_type=\"spacer.default\">\n\t\t\t\t<div class=\"elementor-widget-container\">\n\t\t\t\t\t\t\t<div class=\"elementor-spacer\">\n\t\t\t<div class=\"elementor-spacer-inner\"><\/div>\n\t\t<\/div>\n\t\t\t\t\t\t<\/div>\n\t\t\t\t<\/div>\n\t\t\t\t\t<\/div>\n\t\t<\/div>\n\t\t\t\t<div class=\"elementor-column elementor-col-50 elementor-top-column elementor-element elementor-element-2ec5131\" data-id=\"2ec5131\" data-element_type=\"column\" data-settings=\"{&quot;background_background&quot;:&quot;classic&quot;}\">\n\t\t\t<div class=\"elementor-widget-wrap elementor-element-populated\">\n\t\t\t\t\t\t<div class=\"elementor-element elementor-element-dd57e68 elementor-widget elementor-widget-text-editor\" data-id=\"dd57e68\" data-element_type=\"widget\" data-widget_type=\"text-editor.default\">\n\t\t\t\t<div class=\"elementor-widget-container\">\n\t\t\t\t\t\t\t\t\t<div class=\"wpb_text_column wpb_content_element \"><div class=\"wpb_wrapper\"><div class=\"vc_row wpb_row section vc_row-fluid grid_section\"><div class=\" section_inner clearfix\"><div class=\"section_inner_margin clearfix\"><div class=\"wpb_column vc_column_container vc_col-sm-12\"><div class=\"vc_column-inner\"><div class=\"wpb_wrapper\"><div class=\"q_elements_holder two_columns responsive_mode_from_768 eh-with-image\"><div class=\"q_elements_item \" data-1280-1440=\"70px 100px 70px 67px\" data-1024-1280=\"103px 70px 100px 67px\" data-768-1024=\"59px 50px 59px 50px\" data-480-600=\"40px 40px 40px 40px\" data-480=\"40px 40px 40px 40px\" data-animation=\"no\" data-item-class=\"q_elements_holder_custom_838579\"><div class=\"q_elements_item_inner\"><div class=\"q_elements_item_content q_elements_holder_custom_838579\"><div class=\"wpb_text_column wpb_content_element \"><div class=\"wpb_wrapper\"><h3>Standort<\/h3><\/div><\/div><div class=\"vc_empty_space\">Adresse Antrag:<\/div><div class=\"wpb_text_column wpb_content_element \"><div class=\"wpb_wrapper\"><p>Piazza 64 \/<sup>2.<\/sup> Stock<br>5611 AE Eindhoven<\/p><\/div><\/div><div class=\"vc_empty_space\">Motion befindet sich in der zweiten Etage der Piazza. Sie k\u00f6nnen es mit dem Aufzug oder der Rolltreppe erreichen. Da wir uns im Stadtzentrum befinden, gibt es gen\u00fcgend M\u00f6glichkeiten, Ihr Fahrrad abzustellen (bewacht).<\/div><\/div><\/div><\/div><\/div><\/div><\/div><\/div><\/div><\/div><\/div><div class=\"vc_row wpb_row section vc_row-fluid grid_section\"><div class=\" section_inner clearfix\"><div class=\"section_inner_margin clearfix\"><div class=\"wpb_column vc_column_container vc_col-sm-12\"><div class=\"vc_column-inner\"><div class=\"wpb_wrapper\"><div class=\"q_elements_holder two_columns responsive_mode_from_768 eh-with-image\"><div class=\"q_elements_item \" data-1280-1440=\"70px 67px 70px 100px\" data-1024-1280=\"95px 74px 94px 70px\" data-768-1024=\"53px 50px 53px 50px\" data-480-600=\"40px 40px 40px 40px\" data-480=\"40px 40px 40px 40px\" data-animation=\"no\" data-item-class=\"q_elements_holder_custom_745422\"><div class=\"q_elements_item_inner\"><div class=\"q_elements_item_content q_elements_holder_custom_745422\"><div class=\"wpb_text_column wpb_content_element \"><div class=\"wpb_wrapper\"> <\/div><\/div><\/div><\/div><\/div><\/div><\/div><\/div><\/div><\/div><\/div><\/div><\/div><\/div>\t\t\t\t\t\t\t\t<\/div>\n\t\t\t\t<\/div>\n\t\t\t\t\t<\/div>\n\t\t<\/div>\n\t\t\t\t\t<\/div>\n\t\t<\/section>\n\t\t\t\t<section class=\"elementor-section elementor-top-section elementor-element elementor-element-8f82a21 elementor-section-height-min-height elementor-section-items-stretch elementor-reverse-mobile elementor-section-boxed elementor-section-height-default wpr-particle-no wpr-jarallax-no wpr-parallax-no wpr-sticky-section-no\" data-id=\"8f82a21\" data-element_type=\"section\" data-settings=\"{&quot;animation&quot;:&quot;none&quot;}\">\n\t\t\t\t\t\t<div class=\"elementor-container elementor-column-gap-default\">\n\t\t\t\t\t<div class=\"elementor-column elementor-col-50 elementor-top-column elementor-element elementor-element-8e31f61\" data-id=\"8e31f61\" data-element_type=\"column\" data-settings=\"{&quot;background_background&quot;:&quot;classic&quot;}\">\n\t\t\t<div class=\"elementor-widget-wrap elementor-element-populated\">\n\t\t\t\t\t\t<div class=\"elementor-element elementor-element-a29686d elementor-widget elementor-widget-text-editor\" data-id=\"a29686d\" data-element_type=\"widget\" data-widget_type=\"text-editor.default\">\n\t\t\t\t<div class=\"elementor-widget-container\">\n\t\t\t\t\t\t\t\t\t<div class=\"wpb_text_column wpb_content_element \"><div class=\"wpb_wrapper\"><div class=\"q_elements_item \" data-1280-1440=\"70px 67px 70px 100px\" data-1024-1280=\"95px 74px 94px 70px\" data-768-1024=\"53px 50px 53px 50px\" data-480-600=\"40px 40px 40px 40px\" data-480=\"40px 40px 40px 40px\" data-animation=\"no\" data-item-class=\"q_elements_holder_custom_745422\"><div class=\"q_elements_item_inner\"><div class=\"q_elements_item_content q_elements_holder_custom_745422\"><div class=\"wpb_text_column wpb_content_element \"><div class=\"wpb_wrapper\"><h3>Route &amp; Parken<\/h3><\/div><\/div><div class=\"vc_empty_space\">Motion ist mit \u00f6ffentlichen Verkehrsmitteln und dem Auto leicht zu erreichen. Das Piazza Center liegt an den Hauptzufahrtsstra\u00dfen zum Stadtzentrum von Eindhoven und die N\u00e4he zu gro\u00dfen Parkpl\u00e4tzen garantiert eine sehr gute Erreichbarkeit. Der Bahnhof von Eindhoven und der zentrale Busbahnhof sind nur f\u00fcnf Gehminuten entfernt.<\/div><\/div><\/div><\/div><\/div><\/div>\t\t\t\t\t\t\t\t<\/div>\n\t\t\t\t<\/div>\n\t\t\t\t\t<\/div>\n\t\t<\/div>\n\t\t\t\t<div class=\"elementor-column elementor-col-50 elementor-top-column elementor-element elementor-element-3c97611\" data-id=\"3c97611\" data-element_type=\"column\" data-settings=\"{&quot;background_background&quot;:&quot;classic&quot;}\">\n\t\t\t<div class=\"elementor-widget-wrap elementor-element-populated\">\n\t\t\t\t\t\t<div class=\"elementor-element elementor-element-5c84591 elementor-widget elementor-widget-spacer\" data-id=\"5c84591\" data-element_type=\"widget\" data-widget_type=\"spacer.default\">\n\t\t\t\t<div class=\"elementor-widget-container\">\n\t\t\t\t\t\t\t<div class=\"elementor-spacer\">\n\t\t\t<div class=\"elementor-spacer-inner\"><\/div>\n\t\t<\/div>\n\t\t\t\t\t\t<\/div>\n\t\t\t\t<\/div>\n\t\t\t\t\t<\/div>\n\t\t<\/div>\n\t\t\t\t\t<\/div>\n\t\t<\/section>\n\t\t\t\t<section class=\"elementor-section elementor-top-section elementor-element elementor-element-00efe08 elementor-section-height-min-height elementor-section-items-stretch elementor-section-boxed elementor-section-height-default wpr-particle-no wpr-jarallax-no wpr-parallax-no wpr-sticky-section-no\" data-id=\"00efe08\" data-element_type=\"section\" data-settings=\"{&quot;animation&quot;:&quot;none&quot;}\">\n\t\t\t\t\t\t<div class=\"elementor-container elementor-column-gap-default\">\n\t\t\t\t\t<div class=\"elementor-column elementor-col-50 elementor-top-column elementor-element elementor-element-6f0de18\" data-id=\"6f0de18\" data-element_type=\"column\" data-settings=\"{&quot;background_background&quot;:&quot;classic&quot;}\">\n\t\t\t<div class=\"elementor-widget-wrap elementor-element-populated\">\n\t\t\t\t\t\t<div class=\"elementor-element elementor-element-2c93877 elementor-widget elementor-widget-spacer\" data-id=\"2c93877\" data-element_type=\"widget\" data-widget_type=\"spacer.default\">\n\t\t\t\t<div class=\"elementor-widget-container\">\n\t\t\t\t\t\t\t<div class=\"elementor-spacer\">\n\t\t\t<div class=\"elementor-spacer-inner\"><\/div>\n\t\t<\/div>\n\t\t\t\t\t\t<\/div>\n\t\t\t\t<\/div>\n\t\t\t\t\t<\/div>\n\t\t<\/div>\n\t\t\t\t<div class=\"elementor-column elementor-col-50 elementor-top-column elementor-element elementor-element-e42c59e\" data-id=\"e42c59e\" data-element_type=\"column\" data-settings=\"{&quot;background_background&quot;:&quot;classic&quot;}\">\n\t\t\t<div class=\"elementor-widget-wrap elementor-element-populated\">\n\t\t\t\t\t\t<div class=\"elementor-element elementor-element-80d0283 elementor-widget elementor-widget-text-editor\" data-id=\"80d0283\" data-element_type=\"widget\" data-widget_type=\"text-editor.default\">\n\t\t\t\t<div class=\"elementor-widget-container\">\n\t\t\t\t\t\t\t\t\t<div class=\"wpb_text_column wpb_content_element \"><div class=\"wpb_wrapper\"><div class=\"wpb_text_column wpb_content_element \"><div class=\"wpb_wrapper\"><div class=\"wpb_text_column wpb_content_element \"><div class=\"wpb_wrapper\"><div class=\"wpb_text_column wpb_content_element \"><div class=\"wpb_wrapper\"><h3>Lounge<\/h3><\/div><\/div><div class=\"vc_empty_space\">Motion verf\u00fcgt \u00fcber eine sch\u00f6ne, farbenfrohe Lounge. Nach Ihrem Besuch bei Motion sind Sie hier auf einen Drink oder einen Motion-Happen willkommen. Lassen Sie sich von einer bunten Auswahl an Kuchen, Zuckerstangen usw. im Stil von Motion \u00fcberraschen.<\/div><\/div><\/div><\/div><\/div><\/div><\/div>\t\t\t\t\t\t\t\t<\/div>\n\t\t\t\t<\/div>\n\t\t\t\t\t<\/div>\n\t\t<\/div>\n\t\t\t\t\t<\/div>\n\t\t<\/section>\n\t\t\t\t<\/div>\n\t\t","protected":false},"excerpt":{"rendered":"<p>Besuchen Sie uns Standort Adresse Antrag: Piazza 64 \/2. Stock5611 AE Eindhoven Motion befindet sich in der zweiten Etage der Piazza. Sie k\u00f6nnen es mit dem Aufzug oder der Rolltreppe erreichen. Da wir uns im Stadtzentrum befinden, gibt es gen\u00fcgend M\u00f6glichkeiten, Ihr Fahrrad abzustellen (bewacht). Route &amp; Parken Motion ist mit \u00f6ffentlichen Verkehrsmitteln und dem Auto leicht zu erreichen. Das Piazza Center liegt an den Hauptzufahrtsstra\u00dfen zum Stadtzentrum von Eindhoven und die N\u00e4he zu gro\u00dfen Parkpl\u00e4tzen garantiert eine sehr gute Erreichbarkeit. Der Bahnhof von Eindhoven und der zentrale Busbahnhof sind nur f\u00fcnf Gehminuten entfernt. Lounge Motion verf\u00fcgt \u00fcber eine sch\u00f6ne, farbenfrohe Lounge. Nach Ihrem Besuch bei Motion sind Sie hier auf einen Drink oder einen Motion-Happen willkommen. Lassen Sie sich von einer bunten Auswahl an Kuchen, Zuckerstangen usw. im Stil von Motion \u00fcberraschen.<\/p>\n","protected":false},"author":1,"featured_media":0,"parent":0,"menu_order":7,"comment_status":"closed","ping_status":"closed","template":"elementor_header_footer","meta":{"footnotes":""},"class_list":["post-6714","page","type-page","status-publish","hentry"],"yoast_head":"<!-- This site is optimized with the Yoast SEO plugin v27.5 - https:\/\/yoast.com\/product\/yoast-seo-wordpress\/ -->\n<title>Besuchen Sie uns - Motion Experience<\/title>\n<meta name=\"robots\" content=\"index, follow, max-snippet:-1, max-image-preview:large, max-video-preview:-1\" \/>\n<link rel=\"canonical\" href=\"https:\/\/motionexperience.nl\/de\/besuchen-sie-uns\/\" \/>\n<meta property=\"og:locale\" content=\"de_DE\" \/>\n<meta property=\"og:type\" content=\"article\" \/>\n<meta property=\"og:title\" content=\"Besuchen Sie uns - Motion Experience\" \/>\n<meta property=\"og:description\" content=\"Besuchen Sie uns Standort Adresse Antrag: Piazza 64 \/2. Stock5611 AE Eindhoven Motion befindet sich in der zweiten Etage der Piazza. Sie k\u00f6nnen es mit dem Aufzug oder der Rolltreppe erreichen. Da wir uns im Stadtzentrum befinden, gibt es gen\u00fcgend M\u00f6glichkeiten, Ihr Fahrrad abzustellen (bewacht). Route &amp; Parken Motion ist mit \u00f6ffentlichen Verkehrsmitteln und dem Auto leicht zu erreichen. Das Piazza Center liegt an den Hauptzufahrtsstra\u00dfen zum Stadtzentrum von Eindhoven und die N\u00e4he zu gro\u00dfen Parkpl\u00e4tzen garantiert eine sehr gute Erreichbarkeit. Der Bahnhof von Eindhoven und der zentrale Busbahnhof sind nur f\u00fcnf Gehminuten entfernt. Lounge Motion verf\u00fcgt \u00fcber eine sch\u00f6ne, farbenfrohe Lounge. Nach Ihrem Besuch bei Motion sind Sie hier auf einen Drink oder einen Motion-Happen willkommen. Lassen Sie sich von einer bunten Auswahl an Kuchen, Zuckerstangen usw. im Stil von Motion \u00fcberraschen.\" \/>\n<meta property=\"og:url\" content=\"https:\/\/motionexperience.nl\/de\/besuchen-sie-uns\/\" \/>\n<meta property=\"og:site_name\" content=\"Motion Experience\" \/>\n<meta property=\"article:modified_time\" content=\"2025-06-13T10:08:35+00:00\" \/>\n<meta name=\"twitter:card\" content=\"summary_large_image\" \/>\n<meta name=\"twitter:label1\" content=\"Gesch\u00e4tzte Lesezeit\" \/>\n\t<meta name=\"twitter:data1\" content=\"1\u00a0Minute\" \/>\n<script type=\"application\/ld+json\" class=\"yoast-schema-graph\">{\"@context\":\"https:\\\/\\\/schema.org\",\"@graph\":[{\"@type\":\"WebPage\",\"@id\":\"https:\\\/\\\/motionexperience.nl\\\/de\\\/besuchen-sie-uns\\\/\",\"url\":\"https:\\\/\\\/motionexperience.nl\\\/de\\\/besuchen-sie-uns\\\/\",\"name\":\"Besuchen Sie uns - Motion Experience\",\"isPartOf\":{\"@id\":\"https:\\\/\\\/motionexperience.nl\\\/de\\\/#website\"},\"datePublished\":\"2022-08-02T15:48:54+00:00\",\"dateModified\":\"2025-06-13T10:08:35+00:00\",\"inLanguage\":\"de\",\"potentialAction\":[{\"@type\":\"ReadAction\",\"target\":[\"https:\\\/\\\/motionexperience.nl\\\/de\\\/besuchen-sie-uns\\\/\"]}]},{\"@type\":\"WebSite\",\"@id\":\"https:\\\/\\\/motionexperience.nl\\\/de\\\/#website\",\"url\":\"https:\\\/\\\/motionexperience.nl\\\/de\\\/\",\"name\":\"Motion Experience\",\"description\":\"Light Art Playground Eindhoven\",\"potentialAction\":[{\"@type\":\"SearchAction\",\"target\":{\"@type\":\"EntryPoint\",\"urlTemplate\":\"https:\\\/\\\/motionexperience.nl\\\/de\\\/?s={search_term_string}\"},\"query-input\":{\"@type\":\"PropertyValueSpecification\",\"valueRequired\":true,\"valueName\":\"search_term_string\"}}],\"inLanguage\":\"de\"}]}<\/script>\n<!-- \/ Yoast SEO plugin. -->","yoast_head_json":{"title":"Besuchen Sie uns - Motion Experience","robots":{"index":"index","follow":"follow","max-snippet":"max-snippet:-1","max-image-preview":"max-image-preview:large","max-video-preview":"max-video-preview:-1"},"canonical":"https:\/\/motionexperience.nl\/de\/besuchen-sie-uns\/","og_locale":"de_DE","og_type":"article","og_title":"Besuchen Sie uns - Motion Experience","og_description":"Besuchen Sie uns Standort Adresse Antrag: Piazza 64 \/2. Stock5611 AE Eindhoven Motion befindet sich in der zweiten Etage der Piazza. Sie k\u00f6nnen es mit dem Aufzug oder der Rolltreppe erreichen. Da wir uns im Stadtzentrum befinden, gibt es gen\u00fcgend M\u00f6glichkeiten, Ihr Fahrrad abzustellen (bewacht). Route &amp; Parken Motion ist mit \u00f6ffentlichen Verkehrsmitteln und dem Auto leicht zu erreichen. Das Piazza Center liegt an den Hauptzufahrtsstra\u00dfen zum Stadtzentrum von Eindhoven und die N\u00e4he zu gro\u00dfen Parkpl\u00e4tzen garantiert eine sehr gute Erreichbarkeit. Der Bahnhof von Eindhoven und der zentrale Busbahnhof sind nur f\u00fcnf Gehminuten entfernt. Lounge Motion verf\u00fcgt \u00fcber eine sch\u00f6ne, farbenfrohe Lounge. Nach Ihrem Besuch bei Motion sind Sie hier auf einen Drink oder einen Motion-Happen willkommen. Lassen Sie sich von einer bunten Auswahl an Kuchen, Zuckerstangen usw. im Stil von Motion \u00fcberraschen.","og_url":"https:\/\/motionexperience.nl\/de\/besuchen-sie-uns\/","og_site_name":"Motion Experience","article_modified_time":"2025-06-13T10:08:35+00:00","twitter_card":"summary_large_image","twitter_misc":{"Gesch\u00e4tzte Lesezeit":"1\u00a0Minute"},"schema":{"@context":"https:\/\/schema.org","@graph":[{"@type":"WebPage","@id":"https:\/\/motionexperience.nl\/de\/besuchen-sie-uns\/","url":"https:\/\/motionexperience.nl\/de\/besuchen-sie-uns\/","name":"Besuchen Sie uns - Motion Experience","isPartOf":{"@id":"https:\/\/motionexperience.nl\/de\/#website"},"datePublished":"2022-08-02T15:48:54+00:00","dateModified":"2025-06-13T10:08:35+00:00","inLanguage":"de","potentialAction":[{"@type":"ReadAction","target":["https:\/\/motionexperience.nl\/de\/besuchen-sie-uns\/"]}]},{"@type":"WebSite","@id":"https:\/\/motionexperience.nl\/de\/#website","url":"https:\/\/motionexperience.nl\/de\/","name":"Motion Experience","description":"Light Art Playground Eindhoven","potentialAction":[{"@type":"SearchAction","target":{"@type":"EntryPoint","urlTemplate":"https:\/\/motionexperience.nl\/de\/?s={search_term_string}"},"query-input":{"@type":"PropertyValueSpecification","valueRequired":true,"valueName":"search_term_string"}}],"inLanguage":"de"}]}},"_links":{"self":[{"href":"https:\/\/motionexperience.nl\/de\/wp-json\/wp\/v2\/pages\/6714","targetHints":{"allow":["GET"]}}],"collection":[{"href":"https:\/\/motionexperience.nl\/de\/wp-json\/wp\/v2\/pages"}],"about":[{"href":"https:\/\/motionexperience.nl\/de\/wp-json\/wp\/v2\/types\/page"}],"author":[{"embeddable":true,"href":"https:\/\/motionexperience.nl\/de\/wp-json\/wp\/v2\/users\/1"}],"replies":[{"embeddable":true,"href":"https:\/\/motionexperience.nl\/de\/wp-json\/wp\/v2\/comments?post=6714"}],"version-history":[{"count":1,"href":"https:\/\/motionexperience.nl\/de\/wp-json\/wp\/v2\/pages\/6714\/revisions"}],"predecessor-version":[{"id":6715,"href":"https:\/\/motionexperience.nl\/de\/wp-json\/wp\/v2\/pages\/6714\/revisions\/6715"}],"wp:attachment":[{"href":"https:\/\/motionexperience.nl\/de\/wp-json\/wp\/v2\/media?parent=6714"}],"curies":[{"name":"wp","href":"https:\/\/api.w.org\/{rel}","templated":true}]}}