{"id":6692,"date":"2025-06-13T09:29:50","date_gmt":"2025-06-13T09:29:50","guid":{"rendered":"https:\/\/motionexperience.nl\/was-kann-man-in-eindhoven-mit-kindern-unternehmen\/"},"modified":"2025-06-13T10:07:01","modified_gmt":"2025-06-13T10:07:01","slug":"was-kann-man-in-eindhoven-mit-kindern-unternehmen","status":"publish","type":"page","link":"https:\/\/motionexperience.nl\/de\/was-kann-man-in-eindhoven-mit-kindern-unternehmen\/","title":{"rendered":"Was kann man in Eindhoven mit Kindern unternehmen?"},"content":{"rendered":"\t\t<div data-elementor-type=\"wp-post\" data-elementor-id=\"6692\" class=\"elementor elementor-6692 elementor-6617\" data-elementor-post-type=\"page\">\n\t\t\t\t\t\t<section class=\"elementor-section elementor-top-section elementor-element elementor-element-3a881a5 elementor-section-boxed elementor-section-height-default elementor-section-height-default wpr-particle-no wpr-jarallax-no wpr-parallax-no wpr-sticky-section-no\" data-id=\"3a881a5\" data-element_type=\"section\">\n\t\t\t\t\t\t<div class=\"elementor-container elementor-column-gap-default\">\n\t\t\t\t\t<div class=\"elementor-column elementor-col-100 elementor-top-column elementor-element elementor-element-9327639\" data-id=\"9327639\" data-element_type=\"column\">\n\t\t\t<div class=\"elementor-widget-wrap elementor-element-populated\">\n\t\t\t\t\t\t<div class=\"elementor-element elementor-element-2503791 elementor-widget elementor-widget-heading\" data-id=\"2503791\" data-element_type=\"widget\" data-widget_type=\"heading.default\">\n\t\t\t\t<div class=\"elementor-widget-container\">\n\t\t\t\t\t<h1 class=\"elementor-heading-title elementor-size-default\">Was man in Eindhoven mit Kindern unternehmen kann<\/h1>\t\t\t\t<\/div>\n\t\t\t\t<\/div>\n\t\t\t\t\t<\/div>\n\t\t<\/div>\n\t\t\t\t\t<\/div>\n\t\t<\/section>\n\t\t\t\t<section class=\"elementor-section elementor-top-section elementor-element elementor-element-176a8ea elementor-section-height-min-height elementor-section-items-stretch elementor-section-boxed elementor-section-height-default wpr-particle-no wpr-jarallax-no wpr-parallax-no wpr-sticky-section-no\" data-id=\"176a8ea\" data-element_type=\"section\" data-settings=\"{&quot;animation&quot;:&quot;none&quot;}\">\n\t\t\t\t\t\t<div class=\"elementor-container elementor-column-gap-default\">\n\t\t\t\t\t<div class=\"elementor-column elementor-col-50 elementor-top-column elementor-element elementor-element-b65b036\" data-id=\"b65b036\" data-element_type=\"column\" data-settings=\"{&quot;background_background&quot;:&quot;classic&quot;}\">\n\t\t\t<div class=\"elementor-widget-wrap elementor-element-populated\">\n\t\t\t\t\t\t<div class=\"elementor-element elementor-element-cdb5bd4 elementor-widget elementor-widget-spacer\" data-id=\"cdb5bd4\" data-element_type=\"widget\" data-widget_type=\"spacer.default\">\n\t\t\t\t<div class=\"elementor-widget-container\">\n\t\t\t\t\t\t\t<div class=\"elementor-spacer\">\n\t\t\t<div class=\"elementor-spacer-inner\"><\/div>\n\t\t<\/div>\n\t\t\t\t\t\t<\/div>\n\t\t\t\t<\/div>\n\t\t\t\t\t<\/div>\n\t\t<\/div>\n\t\t\t\t<div class=\"elementor-column elementor-col-50 elementor-top-column elementor-element elementor-element-2ec5131\" data-id=\"2ec5131\" data-element_type=\"column\" data-settings=\"{&quot;background_background&quot;:&quot;classic&quot;}\">\n\t\t\t<div class=\"elementor-widget-wrap elementor-element-populated\">\n\t\t\t\t\t\t<div class=\"elementor-element elementor-element-dd57e68 elementor-widget elementor-widget-text-editor\" data-id=\"dd57e68\" data-element_type=\"widget\" data-widget_type=\"text-editor.default\">\n\t\t\t\t<div class=\"elementor-widget-container\">\n\t\t\t\t\t\t\t\t\t<div class=\"wpb_text_column wpb_content_element \"><div class=\"wpb_wrapper\"><h3>Entdecken Sie Motion Experience!<\/h3><\/div><\/div><div class=\"vc_empty_space\"><p>Sie suchen nach einem originellen und kinderfreundlichen Ausflug in Eindhoven? Bei Motion Experience erleben Sie und Ihre Kinder ein farbenfrohes Lichtabenteuer voller Bewegung, Sound und Spa\u00df. Ideal bei jedem Wetter &#8211; und direkt im Stadtzentrum.  <\/p><\/div>\t\t\t\t\t\t\t\t<\/div>\n\t\t\t\t<\/div>\n\t\t\t\t<div class=\"elementor-element elementor-element-2dcc480 elementor-widget elementor-widget-button\" data-id=\"2dcc480\" data-element_type=\"widget\" data-widget_type=\"button.default\">\n\t\t\t\t<div class=\"elementor-widget-container\">\n\t\t\t\t\t\t\t\t\t<div class=\"elementor-button-wrapper\">\n\t\t\t\t\t<a class=\"elementor-button elementor-button-link elementor-size-sm\" href=\"https:\/\/tickets.motionexperience.nl\/de\/tickets\">\n\t\t\t\t\t\t<span class=\"elementor-button-content-wrapper\">\n\t\t\t\t\t\t\t\t\t<span class=\"elementor-button-text\">Tickets &amp; Zeiten ansehen<\/span>\n\t\t\t\t\t<\/span>\n\t\t\t\t\t<\/a>\n\t\t\t\t<\/div>\n\t\t\t\t\t\t\t\t<\/div>\n\t\t\t\t<\/div>\n\t\t\t\t\t<\/div>\n\t\t<\/div>\n\t\t\t\t\t<\/div>\n\t\t<\/section>\n\t\t\t\t<section class=\"elementor-section elementor-top-section elementor-element elementor-element-8f82a21 elementor-section-height-min-height elementor-section-items-stretch elementor-reverse-mobile elementor-section-boxed elementor-section-height-default wpr-particle-no wpr-jarallax-no wpr-parallax-no wpr-sticky-section-no\" data-id=\"8f82a21\" data-element_type=\"section\" data-settings=\"{&quot;animation&quot;:&quot;none&quot;}\">\n\t\t\t\t\t\t<div class=\"elementor-container elementor-column-gap-default\">\n\t\t\t\t\t<div class=\"elementor-column elementor-col-50 elementor-top-column elementor-element elementor-element-8e31f61\" data-id=\"8e31f61\" data-element_type=\"column\" data-settings=\"{&quot;background_background&quot;:&quot;classic&quot;}\">\n\t\t\t<div class=\"elementor-widget-wrap elementor-element-populated\">\n\t\t\t\t\t\t<div class=\"elementor-element elementor-element-a29686d elementor-widget elementor-widget-text-editor\" data-id=\"a29686d\" data-element_type=\"widget\" data-widget_type=\"text-editor.default\">\n\t\t\t\t<div class=\"elementor-widget-container\">\n\t\t\t\t\t\t\t\t\t<div class=\"wpb_text_column wpb_content_element \"><div class=\"wpb_wrapper\"><div class=\"wpb_text_column wpb_content_element \"><div class=\"wpb_wrapper\"><h3>Beste Indoor-Aktivit\u00e4t in Eindhoven<\/h3><\/div><\/div><div class=\"vc_empty_space\"><p data-start=\"896\" data-end=\"1016\">Motion Experience ist ein interaktiver Erlebnisraum, in dem Kunst, Technologie und Spiel zusammenkommen. Denken Sie nach: <\/p><ul data-start=\"1017\" data-end=\"1150\"><li data-start=\"1017\" data-end=\"1059\"><p data-start=\"1019\" data-end=\"1059\">Installationen, die auf Ihre Bewegungen reagieren<\/p><\/li><li data-start=\"1017\" data-end=\"1059\"><p data-start=\"1019\" data-end=\"1059\">Tanzende Lichter, Projektionen und Musik<\/p><\/li><li data-start=\"1101\" data-end=\"1150\"><p data-start=\"1103\" data-end=\"1150\">Ein Ballspielplatz und Spielbereiche f\u00fcr Jung und Alt<br><br><\/p><\/li><\/ul><p><strong>Kinder spielen. Die Eltern am\u00fcsieren sich. Alle wundern sich.  <\/strong><\/p><\/div><\/div><\/div>\t\t\t\t\t\t\t\t<\/div>\n\t\t\t\t<\/div>\n\t\t\t\t\t<\/div>\n\t\t<\/div>\n\t\t\t\t<div class=\"elementor-column elementor-col-50 elementor-top-column elementor-element elementor-element-3c97611\" data-id=\"3c97611\" data-element_type=\"column\" data-settings=\"{&quot;background_background&quot;:&quot;classic&quot;}\">\n\t\t\t<div class=\"elementor-widget-wrap elementor-element-populated\">\n\t\t\t\t\t\t<div class=\"elementor-element elementor-element-5c84591 elementor-widget elementor-widget-spacer\" data-id=\"5c84591\" data-element_type=\"widget\" data-widget_type=\"spacer.default\">\n\t\t\t\t<div class=\"elementor-widget-container\">\n\t\t\t\t\t\t\t<div class=\"elementor-spacer\">\n\t\t\t<div class=\"elementor-spacer-inner\"><\/div>\n\t\t<\/div>\n\t\t\t\t\t\t<\/div>\n\t\t\t\t<\/div>\n\t\t\t\t\t<\/div>\n\t\t<\/div>\n\t\t\t\t\t<\/div>\n\t\t<\/section>\n\t\t\t\t<section class=\"elementor-section elementor-top-section elementor-element elementor-element-00efe08 elementor-section-height-min-height elementor-section-items-stretch elementor-section-boxed elementor-section-height-default wpr-particle-no wpr-jarallax-no wpr-parallax-no wpr-sticky-section-no\" data-id=\"00efe08\" data-element_type=\"section\" data-settings=\"{&quot;animation&quot;:&quot;none&quot;}\">\n\t\t\t\t\t\t<div class=\"elementor-container elementor-column-gap-default\">\n\t\t\t\t\t<div class=\"elementor-column elementor-col-50 elementor-top-column elementor-element elementor-element-6f0de18\" data-id=\"6f0de18\" data-element_type=\"column\" data-settings=\"{&quot;background_background&quot;:&quot;classic&quot;}\">\n\t\t\t<div class=\"elementor-widget-wrap elementor-element-populated\">\n\t\t\t\t\t\t<div class=\"elementor-element elementor-element-2c93877 elementor-widget elementor-widget-spacer\" data-id=\"2c93877\" data-element_type=\"widget\" data-widget_type=\"spacer.default\">\n\t\t\t\t<div class=\"elementor-widget-container\">\n\t\t\t\t\t\t\t<div class=\"elementor-spacer\">\n\t\t\t<div class=\"elementor-spacer-inner\"><\/div>\n\t\t<\/div>\n\t\t\t\t\t\t<\/div>\n\t\t\t\t<\/div>\n\t\t\t\t\t<\/div>\n\t\t<\/div>\n\t\t\t\t<div class=\"elementor-column elementor-col-50 elementor-top-column elementor-element elementor-element-e42c59e\" data-id=\"e42c59e\" data-element_type=\"column\" data-settings=\"{&quot;background_background&quot;:&quot;classic&quot;}\">\n\t\t\t<div class=\"elementor-widget-wrap elementor-element-populated\">\n\t\t\t\t\t\t<div class=\"elementor-element elementor-element-80d0283 elementor-widget elementor-widget-text-editor\" data-id=\"80d0283\" data-element_type=\"widget\" data-widget_type=\"text-editor.default\">\n\t\t\t\t<div class=\"elementor-widget-container\">\n\t\t\t\t\t\t\t\t\t<div class=\"wpb_text_column wpb_content_element \"><div class=\"wpb_wrapper\"><div class=\"wpb_text_column wpb_content_element \"><div class=\"wpb_wrapper\"><div class=\"wpb_text_column wpb_content_element \"><div class=\"wpb_wrapper\"><h3>Perfekt f\u00fcr&#8230;<\/h3><\/div><\/div><div class=\"vc_empty_space\"><ul><li data-start=\"1306\" data-end=\"1360\"><p data-start=\"1308\" data-end=\"1360\">\ud83d\udc76 <strong data-start=\"1311\" data-end=\"1334\">Kinder 3-12 Jahre:<\/strong> Freies Spielen &amp; Entdecken<\/p><\/li><li data-start=\"1361\" data-end=\"1432\"><p data-start=\"1363\" data-end=\"1432\">\ud83c\udf89 <strong data-start=\"1366\" data-end=\"1385\">Kinderpartys:<\/strong> kreativ und aktiv (Pakete erh\u00e4ltlich)<\/p><\/li><li data-start=\"1433\" data-end=\"1496\"><p data-start=\"1435\" data-end=\"1496\">\ud83c\udf27\ufe0f <strong data-start=\"1439\" data-end=\"1455\">Schlechtes Wetter:<\/strong> \u00fcberdacht und beheizt = immer eine gute Idee<\/p><\/li><li data-start=\"1433\" data-end=\"1496\">\u2600\ufe0f <strong data-start=\"513\" data-end=\"542\">Hitzewellen &amp; hei\u00dfe Tage<\/strong><br data-start=\"542\" data-end=\"545\">Sch\u00f6ner k\u00fchler R\u00fcckzugsort mit Klimaanlage &#8211; entfliehen Sie der Sonne f\u00fcr eine Weile.<br><br><\/li><li data-start=\"1497\" data-end=\"1561\"><p data-start=\"1499\" data-end=\"1561\">\ud83d\udc68\u200d\ud83d\udc69\u200d\ud83d\udc67 <strong data-start=\"1508\" data-end=\"1525\">Familienausfl\u00fcge:<\/strong> gemeinsam entdecken, lachen und genie\u00dfen<\/p><\/li><\/ul><\/div><\/div><\/div><\/div><\/div>\t\t\t\t\t\t\t\t<\/div>\n\t\t\t\t<\/div>\n\t\t\t\t<div class=\"elementor-element elementor-element-823527b elementor-widget elementor-widget-button\" data-id=\"823527b\" data-element_type=\"widget\" data-widget_type=\"button.default\">\n\t\t\t\t<div class=\"elementor-widget-container\">\n\t\t\t\t\t\t\t\t\t<div class=\"elementor-button-wrapper\">\n\t\t\t\t\t<a class=\"elementor-button elementor-button-link elementor-size-sm\" href=\"https:\/\/tickets.motionexperience.nl\/de\/tickets\">\n\t\t\t\t\t\t<span class=\"elementor-button-content-wrapper\">\n\t\t\t\t\t\t<span class=\"elementor-button-icon\">\n\t\t\t\t<i aria-hidden=\"true\" class=\"fas fa-arrow-right\"><\/i>\t\t\t<\/span>\n\t\t\t\t\t\t\t\t\t<span class=\"elementor-button-text\">Buchen Sie Ihre Tickets<\/span>\n\t\t\t\t\t<\/span>\n\t\t\t\t\t<\/a>\n\t\t\t\t<\/div>\n\t\t\t\t\t\t\t\t<\/div>\n\t\t\t\t<\/div>\n\t\t\t\t\t<\/div>\n\t\t<\/div>\n\t\t\t\t\t<\/div>\n\t\t<\/section>\n\t\t\t\t<section class=\"elementor-section elementor-top-section elementor-element elementor-element-c961c29 elementor-section-height-min-height elementor-section-items-stretch elementor-reverse-mobile elementor-section-boxed elementor-section-height-default wpr-particle-no wpr-jarallax-no wpr-parallax-no wpr-sticky-section-no\" data-id=\"c961c29\" data-element_type=\"section\" data-settings=\"{&quot;animation&quot;:&quot;none&quot;}\">\n\t\t\t\t\t\t<div class=\"elementor-container elementor-column-gap-default\">\n\t\t\t\t\t<div class=\"elementor-column elementor-col-50 elementor-top-column elementor-element elementor-element-db9881f\" data-id=\"db9881f\" data-element_type=\"column\" data-settings=\"{&quot;background_background&quot;:&quot;classic&quot;}\">\n\t\t\t<div class=\"elementor-widget-wrap elementor-element-populated\">\n\t\t\t\t\t\t<div class=\"elementor-element elementor-element-e5e3ffe elementor-widget elementor-widget-text-editor\" data-id=\"e5e3ffe\" data-element_type=\"widget\" data-widget_type=\"text-editor.default\">\n\t\t\t\t<div class=\"elementor-widget-container\">\n\t\t\t\t\t\t\t\t\t<div class=\"wpb_text_column wpb_content_element \"><div class=\"wpb_wrapper\"><div class=\"wpb_text_column wpb_content_element \"><div class=\"wpb_wrapper\"><h3>Was k\u00f6nnen Sie alle tun?<\/h3><\/div><\/div><div class=\"vc_empty_space\"><p data-start=\"896\" data-end=\"1016\">W\u00e4hrend Ihres Besuchs gehen, springen oder tanzen Sie durch verschiedene interaktive Zonen. Jeder Bereich \u00fcberrascht mit Licht, Klang und Bewegung. Kinder werden selbst zum Teil des Kunstwerks.  <\/p><p data-start=\"1846\" data-end=\"1863\"><strong data-start=\"1846\" data-end=\"1863\">H\u00f6hepunkte:<\/strong><\/p><ul><li data-start=\"1866\" data-end=\"1892\">Digitale Projektionsw\u00e4nde<br><br><\/li><li data-start=\"1895\" data-end=\"1931\">Lichttunnel &amp; \u201ebewegliche\u201c B\u00f6den<br><br><\/li><li data-start=\"1934\" data-end=\"1966\">Ballspielplatz mit visuellen Effekten<br><br><\/li><li data-start=\"1969\" data-end=\"2008\">Familienfreundliche Atmosph\u00e4re mit Entspannungszonen<\/li><\/ul><p><br>Kommen Sie mit und erleben Sie einen Ausflug, den Ihre Kinder so schnell nicht vergessen werden.<\/p><\/div><\/div><\/div>\t\t\t\t\t\t\t\t<\/div>\n\t\t\t\t<\/div>\n\t\t\t\t\t<\/div>\n\t\t<\/div>\n\t\t\t\t<div class=\"elementor-column elementor-col-50 elementor-top-column elementor-element elementor-element-227a983\" data-id=\"227a983\" data-element_type=\"column\" data-settings=\"{&quot;background_background&quot;:&quot;classic&quot;}\">\n\t\t\t<div class=\"elementor-widget-wrap elementor-element-populated\">\n\t\t\t\t\t\t<div class=\"elementor-element elementor-element-7d161f7 elementor-widget elementor-widget-spacer\" data-id=\"7d161f7\" data-element_type=\"widget\" data-widget_type=\"spacer.default\">\n\t\t\t\t<div class=\"elementor-widget-container\">\n\t\t\t\t\t\t\t<div class=\"elementor-spacer\">\n\t\t\t<div class=\"elementor-spacer-inner\"><\/div>\n\t\t<\/div>\n\t\t\t\t\t\t<\/div>\n\t\t\t\t<\/div>\n\t\t\t\t\t<\/div>\n\t\t<\/div>\n\t\t\t\t\t<\/div>\n\t\t<\/section>\n\t\t\t\t<\/div>\n\t\t","protected":false},"excerpt":{"rendered":"<p>Was man in Eindhoven mit Kindern unternehmen kann Entdecken Sie Motion Experience! Sie suchen nach einem originellen und kinderfreundlichen Ausflug in Eindhoven? Bei Motion Experience erleben Sie und Ihre Kinder ein farbenfrohes Lichtabenteuer voller Bewegung, Sound und Spa\u00df. Ideal bei jedem Wetter &#8211; und direkt im Stadtzentrum. Tickets &amp; Zeiten ansehen Beste Indoor-Aktivit\u00e4t in Eindhoven Motion Experience ist ein interaktiver Erlebnisraum, in dem Kunst, Technologie und Spiel zusammenkommen. Denken Sie nach: Installationen, die auf Ihre Bewegungen reagieren Tanzende Lichter, Projektionen und Musik Ein Ballspielplatz und Spielbereiche f\u00fcr Jung und Alt Kinder spielen. Die Eltern am\u00fcsieren sich. Alle wundern sich. Perfekt f\u00fcr&#8230; \ud83d\udc76 Kinder 3-12 Jahre: Freies Spielen &amp; Entdecken \ud83c\udf89 Kinderpartys: kreativ und aktiv (Pakete erh\u00e4ltlich) \ud83c\udf27\ufe0f Schlechtes Wetter: \u00fcberdacht und beheizt = immer eine gute Idee \u2600\ufe0f Hitzewellen &amp; hei\u00dfe TageSch\u00f6ner k\u00fchler R\u00fcckzugsort mit Klimaanlage &#8211; entfliehen Sie der Sonne f\u00fcr eine Weile. \ud83d\udc68\u200d\ud83d\udc69\u200d\ud83d\udc67 Familienausfl\u00fcge: gemeinsam entdecken, lachen und genie\u00dfen Buchen Sie Ihre Tickets Was k\u00f6nnen Sie alle tun? W\u00e4hrend Ihres Besuchs gehen, springen oder tanzen Sie durch verschiedene interaktive Zonen. Jeder Bereich \u00fcberrascht mit Licht, Klang und Bewegung. Kinder werden selbst zum Teil des Kunstwerks. H\u00f6hepunkte: Digitale Projektionsw\u00e4nde Lichttunnel &amp; \u201ebewegliche\u201c B\u00f6den Ballspielplatz mit visuellen Effekten Familienfreundliche Atmosph\u00e4re mit Entspannungszonen Kommen Sie mit und erleben Sie einen Ausflug, den Ihre Kinder so schnell nicht vergessen werden.<\/p>\n","protected":false},"author":2,"featured_media":0,"parent":0,"menu_order":4,"comment_status":"closed","ping_status":"closed","template":"elementor_header_footer","meta":{"footnotes":""},"class_list":["post-6692","page","type-page","status-publish","hentry"],"yoast_head":"<!-- This site is optimized with the Yoast SEO plugin v27.3 - https:\/\/yoast.com\/product\/yoast-seo-wordpress\/ -->\n<title>Was kann man in Eindhoven mit Kindern unternehmen? - Motion Experience<\/title>\n<meta name=\"description\" content=\"Sie suchen nach einem originellen und kinderfreundlichen Ausflug in Eindhoven? Bei Motion Experience erleben Sie und Ihre Kinder ein farbenfrohes Lichtabenteuer voller Bewegung, Klang und Spa\u00df. Ideal bei jedem Wetter - und direkt im Stadtzentrum.\" \/>\n<meta name=\"robots\" content=\"index, follow, max-snippet:-1, max-image-preview:large, max-video-preview:-1\" \/>\n<link rel=\"canonical\" href=\"https:\/\/motionexperience.nl\/de\/was-kann-man-in-eindhoven-mit-kindern-unternehmen\/\" \/>\n<meta property=\"og:locale\" content=\"de_DE\" \/>\n<meta property=\"og:type\" content=\"article\" \/>\n<meta property=\"og:title\" content=\"Was kann man in Eindhoven mit Kindern unternehmen? - Motion Experience\" \/>\n<meta property=\"og:description\" content=\"Sie suchen nach einem originellen und kinderfreundlichen Ausflug in Eindhoven? Bei Motion Experience erleben Sie und Ihre Kinder ein farbenfrohes Lichtabenteuer voller Bewegung, Klang und Spa\u00df. Ideal bei jedem Wetter - und direkt im Stadtzentrum.\" \/>\n<meta property=\"og:url\" content=\"https:\/\/motionexperience.nl\/de\/was-kann-man-in-eindhoven-mit-kindern-unternehmen\/\" \/>\n<meta property=\"og:site_name\" content=\"Motion Experience\" \/>\n<meta property=\"article:modified_time\" content=\"2025-06-13T10:07:01+00:00\" \/>\n<meta name=\"twitter:card\" content=\"summary_large_image\" \/>\n<meta name=\"twitter:label1\" content=\"Gesch\u00e4tzte Lesezeit\" \/>\n\t<meta name=\"twitter:data1\" content=\"1\u00a0Minute\" \/>\n<script type=\"application\/ld+json\" class=\"yoast-schema-graph\">{\"@context\":\"https:\\\/\\\/schema.org\",\"@graph\":[{\"@type\":\"WebPage\",\"@id\":\"https:\\\/\\\/motionexperience.nl\\\/de\\\/was-kann-man-in-eindhoven-mit-kindern-unternehmen\\\/\",\"url\":\"https:\\\/\\\/motionexperience.nl\\\/de\\\/was-kann-man-in-eindhoven-mit-kindern-unternehmen\\\/\",\"name\":\"Was kann man in Eindhoven mit Kindern unternehmen? - Motion Experience\",\"isPartOf\":{\"@id\":\"https:\\\/\\\/motionexperience.nl\\\/de\\\/#website\"},\"datePublished\":\"2025-06-13T09:29:50+00:00\",\"dateModified\":\"2025-06-13T10:07:01+00:00\",\"description\":\"Sie suchen nach einem originellen und kinderfreundlichen Ausflug in Eindhoven? Bei Motion Experience erleben Sie und Ihre Kinder ein farbenfrohes Lichtabenteuer voller Bewegung, Klang und Spa\u00df. Ideal bei jedem Wetter - und direkt im Stadtzentrum.\",\"inLanguage\":\"de\",\"potentialAction\":[{\"@type\":\"ReadAction\",\"target\":[\"https:\\\/\\\/motionexperience.nl\\\/de\\\/was-kann-man-in-eindhoven-mit-kindern-unternehmen\\\/\"]}]},{\"@type\":\"WebSite\",\"@id\":\"https:\\\/\\\/motionexperience.nl\\\/de\\\/#website\",\"url\":\"https:\\\/\\\/motionexperience.nl\\\/de\\\/\",\"name\":\"Motion Experience\",\"description\":\"Light Art Playground Eindhoven\",\"potentialAction\":[{\"@type\":\"SearchAction\",\"target\":{\"@type\":\"EntryPoint\",\"urlTemplate\":\"https:\\\/\\\/motionexperience.nl\\\/de\\\/?s={search_term_string}\"},\"query-input\":{\"@type\":\"PropertyValueSpecification\",\"valueRequired\":true,\"valueName\":\"search_term_string\"}}],\"inLanguage\":\"de\"}]}<\/script>\n<!-- \/ Yoast SEO plugin. -->","yoast_head_json":{"title":"Was kann man in Eindhoven mit Kindern unternehmen? - Motion Experience","description":"Sie suchen nach einem originellen und kinderfreundlichen Ausflug in Eindhoven? Bei Motion Experience erleben Sie und Ihre Kinder ein farbenfrohes Lichtabenteuer voller Bewegung, Klang und Spa\u00df. Ideal bei jedem Wetter - und direkt im Stadtzentrum.","robots":{"index":"index","follow":"follow","max-snippet":"max-snippet:-1","max-image-preview":"max-image-preview:large","max-video-preview":"max-video-preview:-1"},"canonical":"https:\/\/motionexperience.nl\/de\/was-kann-man-in-eindhoven-mit-kindern-unternehmen\/","og_locale":"de_DE","og_type":"article","og_title":"Was kann man in Eindhoven mit Kindern unternehmen? - Motion Experience","og_description":"Sie suchen nach einem originellen und kinderfreundlichen Ausflug in Eindhoven? Bei Motion Experience erleben Sie und Ihre Kinder ein farbenfrohes Lichtabenteuer voller Bewegung, Klang und Spa\u00df. Ideal bei jedem Wetter - und direkt im Stadtzentrum.","og_url":"https:\/\/motionexperience.nl\/de\/was-kann-man-in-eindhoven-mit-kindern-unternehmen\/","og_site_name":"Motion Experience","article_modified_time":"2025-06-13T10:07:01+00:00","twitter_card":"summary_large_image","twitter_misc":{"Gesch\u00e4tzte Lesezeit":"1\u00a0Minute"},"schema":{"@context":"https:\/\/schema.org","@graph":[{"@type":"WebPage","@id":"https:\/\/motionexperience.nl\/de\/was-kann-man-in-eindhoven-mit-kindern-unternehmen\/","url":"https:\/\/motionexperience.nl\/de\/was-kann-man-in-eindhoven-mit-kindern-unternehmen\/","name":"Was kann man in Eindhoven mit Kindern unternehmen? - Motion Experience","isPartOf":{"@id":"https:\/\/motionexperience.nl\/de\/#website"},"datePublished":"2025-06-13T09:29:50+00:00","dateModified":"2025-06-13T10:07:01+00:00","description":"Sie suchen nach einem originellen und kinderfreundlichen Ausflug in Eindhoven? Bei Motion Experience erleben Sie und Ihre Kinder ein farbenfrohes Lichtabenteuer voller Bewegung, Klang und Spa\u00df. Ideal bei jedem Wetter - und direkt im Stadtzentrum.","inLanguage":"de","potentialAction":[{"@type":"ReadAction","target":["https:\/\/motionexperience.nl\/de\/was-kann-man-in-eindhoven-mit-kindern-unternehmen\/"]}]},{"@type":"WebSite","@id":"https:\/\/motionexperience.nl\/de\/#website","url":"https:\/\/motionexperience.nl\/de\/","name":"Motion Experience","description":"Light Art Playground Eindhoven","potentialAction":[{"@type":"SearchAction","target":{"@type":"EntryPoint","urlTemplate":"https:\/\/motionexperience.nl\/de\/?s={search_term_string}"},"query-input":{"@type":"PropertyValueSpecification","valueRequired":true,"valueName":"search_term_string"}}],"inLanguage":"de"}]}},"_links":{"self":[{"href":"https:\/\/motionexperience.nl\/de\/wp-json\/wp\/v2\/pages\/6692","targetHints":{"allow":["GET"]}}],"collection":[{"href":"https:\/\/motionexperience.nl\/de\/wp-json\/wp\/v2\/pages"}],"about":[{"href":"https:\/\/motionexperience.nl\/de\/wp-json\/wp\/v2\/types\/page"}],"author":[{"embeddable":true,"href":"https:\/\/motionexperience.nl\/de\/wp-json\/wp\/v2\/users\/2"}],"replies":[{"embeddable":true,"href":"https:\/\/motionexperience.nl\/de\/wp-json\/wp\/v2\/comments?post=6692"}],"version-history":[{"count":1,"href":"https:\/\/motionexperience.nl\/de\/wp-json\/wp\/v2\/pages\/6692\/revisions"}],"predecessor-version":[{"id":6693,"href":"https:\/\/motionexperience.nl\/de\/wp-json\/wp\/v2\/pages\/6692\/revisions\/6693"}],"wp:attachment":[{"href":"https:\/\/motionexperience.nl\/de\/wp-json\/wp\/v2\/media?parent=6692"}],"curies":[{"name":"wp","href":"https:\/\/api.w.org\/{rel}","templated":true}]}}