{"id":6686,"date":"2022-09-19T10:13:03","date_gmt":"2022-09-19T10:13:03","guid":{"rendered":"https:\/\/motionexperience.nl\/immersives-yoga\/"},"modified":"2025-10-29T09:17:57","modified_gmt":"2025-10-29T09:17:57","slug":"immersives-yoga","status":"publish","type":"page","link":"https:\/\/motionexperience.nl\/de\/immersives-yoga\/","title":{"rendered":"Immersives Yoga"},"content":{"rendered":"\t\t<div data-elementor-type=\"wp-post\" data-elementor-id=\"6686\" class=\"elementor elementor-6686 elementor-2101\" data-elementor-post-type=\"page\">\n\t\t\t\t\t\t<section class=\"elementor-section elementor-top-section elementor-element elementor-element-3a881a5 elementor-section-boxed elementor-section-height-default elementor-section-height-default wpr-particle-no wpr-jarallax-no wpr-parallax-no wpr-sticky-section-no\" data-id=\"3a881a5\" data-element_type=\"section\">\n\t\t\t\t\t\t<div class=\"elementor-container elementor-column-gap-default\">\n\t\t\t\t\t<div class=\"elementor-column elementor-col-100 elementor-top-column elementor-element elementor-element-9327639\" data-id=\"9327639\" data-element_type=\"column\">\n\t\t\t<div class=\"elementor-widget-wrap elementor-element-populated\">\n\t\t\t\t\t\t<div class=\"elementor-element elementor-element-2503791 elementor-widget elementor-widget-heading\" data-id=\"2503791\" data-element_type=\"widget\" data-widget_type=\"heading.default\">\n\t\t\t\t<div class=\"elementor-widget-container\">\n\t\t\t\t\t<h1 class=\"elementor-heading-title elementor-size-default\">Immersive<br>Yoga<\/h1>\t\t\t\t<\/div>\n\t\t\t\t<\/div>\n\t\t\t\t\t<\/div>\n\t\t<\/div>\n\t\t\t\t\t<\/div>\n\t\t<\/section>\n\t\t\t\t<section class=\"elementor-section elementor-top-section elementor-element elementor-element-176a8ea elementor-section-height-min-height elementor-section-items-stretch elementor-section-boxed elementor-section-height-default wpr-particle-no wpr-jarallax-no wpr-parallax-no wpr-sticky-section-no\" data-id=\"176a8ea\" data-element_type=\"section\" data-settings=\"{&quot;animation&quot;:&quot;none&quot;}\">\n\t\t\t\t\t\t<div class=\"elementor-container elementor-column-gap-default\">\n\t\t\t\t\t<div class=\"elementor-column elementor-col-50 elementor-top-column elementor-element elementor-element-b65b036\" data-id=\"b65b036\" data-element_type=\"column\" data-settings=\"{&quot;background_background&quot;:&quot;classic&quot;}\">\n\t\t\t<div class=\"elementor-widget-wrap elementor-element-populated\">\n\t\t\t\t\t\t<div class=\"elementor-element elementor-element-cdb5bd4 elementor-widget elementor-widget-spacer\" data-id=\"cdb5bd4\" data-element_type=\"widget\" data-widget_type=\"spacer.default\">\n\t\t\t\t<div class=\"elementor-widget-container\">\n\t\t\t\t\t\t\t<div class=\"elementor-spacer\">\n\t\t\t<div class=\"elementor-spacer-inner\"><\/div>\n\t\t<\/div>\n\t\t\t\t\t\t<\/div>\n\t\t\t\t<\/div>\n\t\t\t\t\t<\/div>\n\t\t<\/div>\n\t\t\t\t<div class=\"elementor-column elementor-col-50 elementor-top-column elementor-element elementor-element-2ec5131\" data-id=\"2ec5131\" data-element_type=\"column\" data-settings=\"{&quot;background_background&quot;:&quot;classic&quot;}\">\n\t\t\t<div class=\"elementor-widget-wrap elementor-element-populated\">\n\t\t\t\t\t\t<div class=\"elementor-element elementor-element-dd57e68 elementor-widget elementor-widget-text-editor\" data-id=\"dd57e68\" data-element_type=\"widget\" data-widget_type=\"text-editor.default\">\n\t\t\t\t<div class=\"elementor-widget-container\">\n\t\t\t\t\t\t\t\t\t<div class=\"wpb_text_column wpb_content_element \"><div class=\"wpb_wrapper\"><h3>Eine Yoga-Erfahrung, die alle Ihre Sinne ber\u00fchrt<\/h3><\/div><\/div><div class=\"vc_empty_space\"><p>Sind Sie ein Yoga-Enthusiast? Oder m\u00f6chten Sie Yoga einfach mal ausprobieren? Dann erleben Sie ein mega cooles Yoga-Erlebnis bei Motion; <em>immersives Yoga<\/em>.<br>Beim immersiven Yoga werden Sie in einer wunderbaren Projektionswelt unterrichtet. Die Kombination aus Bild, Ton und Geruch regt Ihre Sinne an und gibt Ihnen das Gef\u00fchl, eins mit der Welt um Sie herum zu sein.   <\/p><\/div>\t\t\t\t\t\t\t\t<\/div>\n\t\t\t\t<\/div>\n\t\t\t\t\t<\/div>\n\t\t<\/div>\n\t\t\t\t\t<\/div>\n\t\t<\/section>\n\t\t\t\t<section class=\"elementor-section elementor-top-section elementor-element elementor-element-8f82a21 elementor-section-height-min-height elementor-section-items-stretch elementor-reverse-mobile elementor-section-boxed elementor-section-height-default wpr-particle-no wpr-jarallax-no wpr-parallax-no wpr-sticky-section-no\" data-id=\"8f82a21\" data-element_type=\"section\" data-settings=\"{&quot;animation&quot;:&quot;none&quot;}\">\n\t\t\t\t\t\t<div class=\"elementor-container elementor-column-gap-default\">\n\t\t\t\t\t<div class=\"elementor-column elementor-col-50 elementor-top-column elementor-element elementor-element-8e31f61\" data-id=\"8e31f61\" data-element_type=\"column\" data-settings=\"{&quot;background_background&quot;:&quot;classic&quot;}\">\n\t\t\t<div class=\"elementor-widget-wrap elementor-element-populated\">\n\t\t\t\t\t\t<div class=\"elementor-element elementor-element-a29686d elementor-widget elementor-widget-text-editor\" data-id=\"a29686d\" data-element_type=\"widget\" data-widget_type=\"text-editor.default\">\n\t\t\t\t<div class=\"elementor-widget-container\">\n\t\t\t\t\t\t\t\t\t<div class=\"wpb_text_column wpb_content_element \">\n<div class=\"wpb_wrapper\">\n<div class=\"wpb_text_column wpb_content_element \">\n<div class=\"wpb_wrapper\">\n<h3>Reise durch die Chakren<\/h3>\n<\/div>\n<\/div>\n<div class=\"vc_empty_space\">Gemeinsam mit dem Yoga-Institut <a href=\"https:\/\/www.soulvibe.nl\/\" target=\"_blank\" rel=\"noopener\">Soulvibe<\/a> hat Motion ein hochmodernes Yoga-Erlebnis geschaffen, bei dem die Teilnehmer durch verschiedene Yogastellungen, wundersch\u00f6ne Projektionen und Sound durch die 7 Chakren des menschlichen K\u00f6rpers wandern.&nbsp;<\/div><div class=\"vc_empty_space\"><br><\/div><div class=\"vc_empty_space\">Nach dem Unterricht haben Sie die M\u00f6glichkeit, in der Lounge eine Tasse Tee zu genie\u00dfen.<\/div><div class=\"vc_empty_space\"><br><\/div>\n<\/div>\n<\/div>\t\t\t\t\t\t\t\t<\/div>\n\t\t\t\t<\/div>\n\t\t\t\t\t<\/div>\n\t\t<\/div>\n\t\t\t\t<div class=\"elementor-column elementor-col-50 elementor-top-column elementor-element elementor-element-3c97611\" data-id=\"3c97611\" data-element_type=\"column\" data-settings=\"{&quot;background_background&quot;:&quot;classic&quot;}\">\n\t\t\t<div class=\"elementor-widget-wrap elementor-element-populated\">\n\t\t\t\t\t\t<div class=\"elementor-element elementor-element-5c84591 elementor-widget elementor-widget-spacer\" data-id=\"5c84591\" data-element_type=\"widget\" data-widget_type=\"spacer.default\">\n\t\t\t\t<div class=\"elementor-widget-container\">\n\t\t\t\t\t\t\t<div class=\"elementor-spacer\">\n\t\t\t<div class=\"elementor-spacer-inner\"><\/div>\n\t\t<\/div>\n\t\t\t\t\t\t<\/div>\n\t\t\t\t<\/div>\n\t\t\t\t\t<\/div>\n\t\t<\/div>\n\t\t\t\t\t<\/div>\n\t\t<\/section>\n\t\t\t\t<section class=\"elementor-section elementor-top-section elementor-element elementor-element-00efe08 elementor-section-height-min-height elementor-section-items-stretch elementor-section-boxed elementor-section-height-default wpr-particle-no wpr-jarallax-no wpr-parallax-no wpr-sticky-section-no\" data-id=\"00efe08\" data-element_type=\"section\" data-settings=\"{&quot;animation&quot;:&quot;none&quot;}\">\n\t\t\t\t\t\t<div class=\"elementor-container elementor-column-gap-default\">\n\t\t\t\t\t<div class=\"elementor-column elementor-col-50 elementor-top-column elementor-element elementor-element-6f0de18\" data-id=\"6f0de18\" data-element_type=\"column\" data-settings=\"{&quot;background_background&quot;:&quot;classic&quot;}\">\n\t\t\t<div class=\"elementor-widget-wrap elementor-element-populated\">\n\t\t\t\t\t\t<div class=\"elementor-element elementor-element-2c93877 elementor-widget elementor-widget-spacer\" data-id=\"2c93877\" data-element_type=\"widget\" data-widget_type=\"spacer.default\">\n\t\t\t\t<div class=\"elementor-widget-container\">\n\t\t\t\t\t\t\t<div class=\"elementor-spacer\">\n\t\t\t<div class=\"elementor-spacer-inner\"><\/div>\n\t\t<\/div>\n\t\t\t\t\t\t<\/div>\n\t\t\t\t<\/div>\n\t\t\t\t\t<\/div>\n\t\t<\/div>\n\t\t\t\t<div class=\"elementor-column elementor-col-50 elementor-top-column elementor-element elementor-element-e42c59e\" data-id=\"e42c59e\" data-element_type=\"column\" data-settings=\"{&quot;background_background&quot;:&quot;classic&quot;}\">\n\t\t\t<div class=\"elementor-widget-wrap elementor-element-populated\">\n\t\t\t\t\t\t<div class=\"elementor-element elementor-element-80d0283 elementor-widget elementor-widget-text-editor\" data-id=\"80d0283\" data-element_type=\"widget\" data-widget_type=\"text-editor.default\">\n\t\t\t\t<div class=\"elementor-widget-container\">\n\t\t\t\t\t\t\t\t\t<div class=\"wpb_text_column wpb_content_element \"><div class=\"wpb_wrapper\"><div class=\"wpb_text_column wpb_content_element \"><div class=\"wpb_wrapper\"><div class=\"wpb_text_column wpb_content_element \"><div class=\"wpb_wrapper\"><h3>Gut zu wissen<\/h3><\/div><\/div><div class=\"vc_empty_space\"><p>Eine immersive Yogastunde dauert 75 Minuten und kostet \u20ac 15<\/p><p>Die n\u00e4chsten Kurse finden statt am:<\/p><ul><li>12. November 19.00h bis 20.15h<\/li><li>10. Dezember 19.00h bis 20.15h\u00a0<\/li><\/ul><\/div><\/div><\/div><\/div><\/div>\t\t\t\t\t\t\t\t<\/div>\n\t\t\t\t<\/div>\n\t\t\t\t<div class=\"elementor-element elementor-element-823527b elementor-widget elementor-widget-button\" data-id=\"823527b\" data-element_type=\"widget\" data-widget_type=\"button.default\">\n\t\t\t\t<div class=\"elementor-widget-container\">\n\t\t\t\t\t\t\t\t\t<div class=\"elementor-button-wrapper\">\n\t\t\t\t\t<a class=\"elementor-button elementor-button-link elementor-size-sm\" href=\"https:\/\/tickets.motionexperience.nl\/en\/yogasessies\/tickets\">\n\t\t\t\t\t\t<span class=\"elementor-button-content-wrapper\">\n\t\t\t\t\t\t<span class=\"elementor-button-icon\">\n\t\t\t\t<i aria-hidden=\"true\" class=\"fas fa-arrow-right\"><\/i>\t\t\t<\/span>\n\t\t\t\t\t\t\t\t\t<span class=\"elementor-button-text\">Buchen Sie Ihre Tickets<\/span>\n\t\t\t\t\t<\/span>\n\t\t\t\t\t<\/a>\n\t\t\t\t<\/div>\n\t\t\t\t\t\t\t\t<\/div>\n\t\t\t\t<\/div>\n\t\t\t\t\t<\/div>\n\t\t<\/div>\n\t\t\t\t\t<\/div>\n\t\t<\/section>\n\t\t\t\t<\/div>\n\t\t","protected":false},"excerpt":{"rendered":"<p>ImmersiveYoga Eine Yoga-Erfahrung, die alle Ihre Sinne ber\u00fchrt Sind Sie ein Yoga-Enthusiast? Oder m\u00f6chten Sie Yoga einfach mal ausprobieren? Dann erleben Sie ein mega cooles Yoga-Erlebnis bei Motion; immersives Yoga.Beim immersiven Yoga werden Sie in einer wunderbaren Projektionswelt unterrichtet. Die Kombination aus Bild, Ton und Geruch regt Ihre Sinne an und gibt Ihnen das Gef\u00fchl, eins mit der Welt um Sie herum zu sein. Reise durch die Chakren Gemeinsam mit dem Yoga-Institut Soulvibe hat Motion ein hochmodernes Yoga-Erlebnis geschaffen, bei dem die Teilnehmer durch verschiedene Yogastellungen, wundersch\u00f6ne Projektionen und Sound durch die 7 Chakren des menschlichen K\u00f6rpers wandern.&nbsp;Nach dem Unterricht haben Sie die M\u00f6glichkeit, in der Lounge eine Tasse Tee zu genie\u00dfen. Gut zu wissen Eine immersive Yogastunde dauert 75 Minuten und kostet \u20ac 15 Die n\u00e4chsten Kurse finden statt am: 12. November 19.00h bis 20.15h 10. Dezember 19.00h bis 20.15h\u00a0 Buchen Sie Ihre Tickets<\/p>\n","protected":false},"author":1,"featured_media":0,"parent":0,"menu_order":4,"comment_status":"closed","ping_status":"closed","template":"elementor_header_footer","meta":{"footnotes":""},"class_list":["post-6686","page","type-page","status-publish","hentry"],"yoast_head":"<!-- This site is optimized with the Yoast SEO plugin v27.5 - https:\/\/yoast.com\/product\/yoast-seo-wordpress\/ -->\n<title>Immersives Yoga - Motion Experience<\/title>\n<meta name=\"robots\" content=\"index, follow, max-snippet:-1, max-image-preview:large, max-video-preview:-1\" \/>\n<link rel=\"canonical\" href=\"https:\/\/motionexperience.nl\/de\/immersives-yoga\/\" \/>\n<meta property=\"og:locale\" content=\"de_DE\" \/>\n<meta property=\"og:type\" content=\"article\" \/>\n<meta property=\"og:title\" content=\"Immersives Yoga - Motion Experience\" \/>\n<meta property=\"og:description\" content=\"ImmersiveYoga Eine Yoga-Erfahrung, die alle Ihre Sinne ber\u00fchrt Sind Sie ein Yoga-Enthusiast? Oder m\u00f6chten Sie Yoga einfach mal ausprobieren? Dann erleben Sie ein mega cooles Yoga-Erlebnis bei Motion; immersives Yoga.Beim immersiven Yoga werden Sie in einer wunderbaren Projektionswelt unterrichtet. Die Kombination aus Bild, Ton und Geruch regt Ihre Sinne an und gibt Ihnen das Gef\u00fchl, eins mit der Welt um Sie herum zu sein. Reise durch die Chakren Gemeinsam mit dem Yoga-Institut Soulvibe hat Motion ein hochmodernes Yoga-Erlebnis geschaffen, bei dem die Teilnehmer durch verschiedene Yogastellungen, wundersch\u00f6ne Projektionen und Sound durch die 7 Chakren des menschlichen K\u00f6rpers wandern.&nbsp;Nach dem Unterricht haben Sie die M\u00f6glichkeit, in der Lounge eine Tasse Tee zu genie\u00dfen. Gut zu wissen Eine immersive Yogastunde dauert 75 Minuten und kostet \u20ac 15 Die n\u00e4chsten Kurse finden statt am: 12. November 19.00h bis 20.15h 10. Dezember 19.00h bis 20.15h\u00a0 Buchen Sie Ihre Tickets\" \/>\n<meta property=\"og:url\" content=\"https:\/\/motionexperience.nl\/de\/immersives-yoga\/\" \/>\n<meta property=\"og:site_name\" content=\"Motion Experience\" \/>\n<meta property=\"article:modified_time\" content=\"2025-10-29T09:17:57+00:00\" \/>\n<meta name=\"twitter:card\" content=\"summary_large_image\" \/>\n<meta name=\"twitter:label1\" content=\"Gesch\u00e4tzte Lesezeit\" \/>\n\t<meta name=\"twitter:data1\" content=\"1\u00a0Minute\" \/>\n<script type=\"application\/ld+json\" class=\"yoast-schema-graph\">{\"@context\":\"https:\\\/\\\/schema.org\",\"@graph\":[{\"@type\":\"WebPage\",\"@id\":\"https:\\\/\\\/motionexperience.nl\\\/de\\\/immersives-yoga\\\/\",\"url\":\"https:\\\/\\\/motionexperience.nl\\\/de\\\/immersives-yoga\\\/\",\"name\":\"Immersives Yoga - Motion Experience\",\"isPartOf\":{\"@id\":\"https:\\\/\\\/motionexperience.nl\\\/de\\\/#website\"},\"datePublished\":\"2022-09-19T10:13:03+00:00\",\"dateModified\":\"2025-10-29T09:17:57+00:00\",\"inLanguage\":\"de\",\"potentialAction\":[{\"@type\":\"ReadAction\",\"target\":[\"https:\\\/\\\/motionexperience.nl\\\/de\\\/immersives-yoga\\\/\"]}]},{\"@type\":\"WebSite\",\"@id\":\"https:\\\/\\\/motionexperience.nl\\\/de\\\/#website\",\"url\":\"https:\\\/\\\/motionexperience.nl\\\/de\\\/\",\"name\":\"Motion Experience\",\"description\":\"Light Art Playground Eindhoven\",\"potentialAction\":[{\"@type\":\"SearchAction\",\"target\":{\"@type\":\"EntryPoint\",\"urlTemplate\":\"https:\\\/\\\/motionexperience.nl\\\/de\\\/?s={search_term_string}\"},\"query-input\":{\"@type\":\"PropertyValueSpecification\",\"valueRequired\":true,\"valueName\":\"search_term_string\"}}],\"inLanguage\":\"de\"}]}<\/script>\n<!-- \/ Yoast SEO plugin. -->","yoast_head_json":{"title":"Immersives Yoga - Motion Experience","robots":{"index":"index","follow":"follow","max-snippet":"max-snippet:-1","max-image-preview":"max-image-preview:large","max-video-preview":"max-video-preview:-1"},"canonical":"https:\/\/motionexperience.nl\/de\/immersives-yoga\/","og_locale":"de_DE","og_type":"article","og_title":"Immersives Yoga - Motion Experience","og_description":"ImmersiveYoga Eine Yoga-Erfahrung, die alle Ihre Sinne ber\u00fchrt Sind Sie ein Yoga-Enthusiast? Oder m\u00f6chten Sie Yoga einfach mal ausprobieren? Dann erleben Sie ein mega cooles Yoga-Erlebnis bei Motion; immersives Yoga.Beim immersiven Yoga werden Sie in einer wunderbaren Projektionswelt unterrichtet. Die Kombination aus Bild, Ton und Geruch regt Ihre Sinne an und gibt Ihnen das Gef\u00fchl, eins mit der Welt um Sie herum zu sein. Reise durch die Chakren Gemeinsam mit dem Yoga-Institut Soulvibe hat Motion ein hochmodernes Yoga-Erlebnis geschaffen, bei dem die Teilnehmer durch verschiedene Yogastellungen, wundersch\u00f6ne Projektionen und Sound durch die 7 Chakren des menschlichen K\u00f6rpers wandern.&nbsp;Nach dem Unterricht haben Sie die M\u00f6glichkeit, in der Lounge eine Tasse Tee zu genie\u00dfen. Gut zu wissen Eine immersive Yogastunde dauert 75 Minuten und kostet \u20ac 15 Die n\u00e4chsten Kurse finden statt am: 12. November 19.00h bis 20.15h 10. Dezember 19.00h bis 20.15h\u00a0 Buchen Sie Ihre Tickets","og_url":"https:\/\/motionexperience.nl\/de\/immersives-yoga\/","og_site_name":"Motion Experience","article_modified_time":"2025-10-29T09:17:57+00:00","twitter_card":"summary_large_image","twitter_misc":{"Gesch\u00e4tzte Lesezeit":"1\u00a0Minute"},"schema":{"@context":"https:\/\/schema.org","@graph":[{"@type":"WebPage","@id":"https:\/\/motionexperience.nl\/de\/immersives-yoga\/","url":"https:\/\/motionexperience.nl\/de\/immersives-yoga\/","name":"Immersives Yoga - Motion Experience","isPartOf":{"@id":"https:\/\/motionexperience.nl\/de\/#website"},"datePublished":"2022-09-19T10:13:03+00:00","dateModified":"2025-10-29T09:17:57+00:00","inLanguage":"de","potentialAction":[{"@type":"ReadAction","target":["https:\/\/motionexperience.nl\/de\/immersives-yoga\/"]}]},{"@type":"WebSite","@id":"https:\/\/motionexperience.nl\/de\/#website","url":"https:\/\/motionexperience.nl\/de\/","name":"Motion Experience","description":"Light Art Playground Eindhoven","potentialAction":[{"@type":"SearchAction","target":{"@type":"EntryPoint","urlTemplate":"https:\/\/motionexperience.nl\/de\/?s={search_term_string}"},"query-input":{"@type":"PropertyValueSpecification","valueRequired":true,"valueName":"search_term_string"}}],"inLanguage":"de"}]}},"_links":{"self":[{"href":"https:\/\/motionexperience.nl\/de\/wp-json\/wp\/v2\/pages\/6686","targetHints":{"allow":["GET"]}}],"collection":[{"href":"https:\/\/motionexperience.nl\/de\/wp-json\/wp\/v2\/pages"}],"about":[{"href":"https:\/\/motionexperience.nl\/de\/wp-json\/wp\/v2\/types\/page"}],"author":[{"embeddable":true,"href":"https:\/\/motionexperience.nl\/de\/wp-json\/wp\/v2\/users\/1"}],"replies":[{"embeddable":true,"href":"https:\/\/motionexperience.nl\/de\/wp-json\/wp\/v2\/comments?post=6686"}],"version-history":[{"count":13,"href":"https:\/\/motionexperience.nl\/de\/wp-json\/wp\/v2\/pages\/6686\/revisions"}],"predecessor-version":[{"id":6910,"href":"https:\/\/motionexperience.nl\/de\/wp-json\/wp\/v2\/pages\/6686\/revisions\/6910"}],"wp:attachment":[{"href":"https:\/\/motionexperience.nl\/de\/wp-json\/wp\/v2\/media?parent=6686"}],"curies":[{"name":"wp","href":"https:\/\/api.w.org\/{rel}","templated":true}]}}