{"id":6684,"date":"2024-02-14T09:39:02","date_gmt":"2024-02-14T09:39:02","guid":{"rendered":"https:\/\/motionexperience.nl\/cookie-richtlinie\/"},"modified":"2025-06-13T10:03:56","modified_gmt":"2025-06-13T10:03:56","slug":"cookie-richtlinie","status":"publish","type":"page","link":"https:\/\/motionexperience.nl\/de\/cookie-richtlinie\/","title":{"rendered":"Cookie-Richtlinie"},"content":{"rendered":"\t\t<div data-elementor-type=\"wp-post\" data-elementor-id=\"6684\" class=\"elementor elementor-6684 elementor-4213\" data-elementor-post-type=\"page\">\n\t\t\t\t\t\t<section class=\"elementor-section elementor-top-section elementor-element elementor-element-450e3f0 elementor-section-boxed elementor-section-height-default elementor-section-height-default wpr-particle-no wpr-jarallax-no wpr-parallax-no wpr-sticky-section-no\" data-id=\"450e3f0\" data-element_type=\"section\">\n\t\t\t\t\t\t<div class=\"elementor-container elementor-column-gap-default\">\n\t\t\t\t\t<div class=\"elementor-column elementor-col-100 elementor-top-column elementor-element elementor-element-fa1d1b2\" data-id=\"fa1d1b2\" data-element_type=\"column\">\n\t\t\t<div class=\"elementor-widget-wrap elementor-element-populated\">\n\t\t\t\t\t\t<div class=\"elementor-element elementor-element-d0fb42d elementor-widget elementor-widget-heading\" data-id=\"d0fb42d\" data-element_type=\"widget\" data-widget_type=\"heading.default\">\n\t\t\t\t<div class=\"elementor-widget-container\">\n\t\t\t\t\t<h1 class=\"elementor-heading-title elementor-size-default\">Cookie-Richtlinie<\/h1>\t\t\t\t<\/div>\n\t\t\t\t<\/div>\n\t\t\t\t\t<\/div>\n\t\t<\/div>\n\t\t\t\t\t<\/div>\n\t\t<\/section>\n\t\t\t\t<section class=\"elementor-section elementor-top-section elementor-element elementor-element-176a8ea elementor-section-height-min-height elementor-section-items-stretch elementor-section-boxed elementor-section-height-default wpr-particle-no wpr-jarallax-no wpr-parallax-no wpr-sticky-section-no\" data-id=\"176a8ea\" data-element_type=\"section\" data-settings=\"{&quot;animation&quot;:&quot;none&quot;}\">\n\t\t\t\t\t\t<div class=\"elementor-container elementor-column-gap-default\">\n\t\t\t\t\t<div class=\"elementor-column elementor-col-100 elementor-top-column elementor-element elementor-element-2ec5131\" data-id=\"2ec5131\" data-element_type=\"column\" data-settings=\"{&quot;background_background&quot;:&quot;classic&quot;}\">\n\t\t\t<div class=\"elementor-widget-wrap elementor-element-populated\">\n\t\t\t\t\t\t<div class=\"elementor-element elementor-element-dd57e68 elementor-widget elementor-widget-text-editor\" data-id=\"dd57e68\" data-element_type=\"widget\" data-widget_type=\"text-editor.default\">\n\t\t\t\t<div class=\"elementor-widget-container\">\n\t\t\t\t\t\t\t\t\t<div class=\"wpb_text_column wpb_content_element \"><div class=\"wpb_wrapper\"><div class=\"wpb_text_column wpb_content_element \"><div class=\"wpb_wrapper\"><p class=\"wp-block-heading\"><strong>Was sind Cookies<br><\/strong>Wie bei fast allen professionellen Websites \u00fcblich, verwendet auch diese Website Cookies. Dies sind kleine Dateien, die auf Ihren Computer heruntergeladen werden, um Ihr Erlebnis zu verbessern. Diese Seite beschreibt, welche Informationen sie sammeln, wie wir sie verwenden und warum wir diese Cookies manchmal speichern m\u00fcssen. Wir werden Sie auch dar\u00fcber informieren, wie Sie die Speicherung dieser Cookies verhindern k\u00f6nnen. Dies kann jedoch die Funktionalit\u00e4t bestimmter Teile der Website einschr\u00e4nken oder \u201eunterbrechen\u201c.<\/p><h3> <\/h3><p class=\"wp-block-heading\"><strong>Wie wir Cookies verwenden<br><\/strong>Wir verwenden Cookies aus verschiedenen Gr\u00fcnden, die im Folgenden beschrieben werden. Leider gibt es in den meisten F\u00e4llen keine Standardoptionen, mit denen Sie Cookies deaktivieren k\u00f6nnen, ohne die Funktionen und Merkmale, die sie dieser Website hinzuf\u00fcgen, vollst\u00e4ndig zu deaktivieren. Es ist ratsam, alle Cookies aktiviert zu lassen, wenn Sie sich nicht sicher sind, ob Sie sie ben\u00f6tigen oder nicht, falls sie zur Bereitstellung eines von Ihnen genutzten Dienstes verwendet werden.<\/p><h3> <\/h3><p class=\"wp-block-heading\"><strong>Cookies deaktivieren<\/strong><br>Sie k\u00f6nnen das Setzen von Cookies verhindern, indem Sie die Einstellungen Ihres Browsers anpassen (weitere Informationen finden Sie in der Hilfe Ihres Browsers). Bitte beachten Sie, dass die Deaktivierung von Cookies die Funktionalit\u00e4t dieser und vieler anderer Websites, die Sie besuchen, beeintr\u00e4chtigen wird. Die Deaktivierung von Cookies hat in der Regel auch zur Folge, dass bestimmte Merkmale und Funktionen dieser Website deaktiviert werden. Es ist daher nicht ratsam, Cookies zu deaktivieren. Diese Cookie-Richtlinie wurde mit Hilfe des Cookies Policy Generator erstellt.<\/p><h3> <\/h3><p class=\"wp-block-heading\"><strong>Die Cookies, die wir platzieren<\/strong><\/p><ul><li>E-Mail-Newsletter-bezogene Cookies<\/li><\/ul><p><br>Diese Website bietet einen Newsletter- oder E-Mail-Abonnementservice an, und Cookies k\u00f6nnen verwendet werden, um sich zu merken, ob Sie bereits registriert sind und ob bestimmte Benachrichtigungen angezeigt werden sollen, die nur f\u00fcr registrierte oder nicht registrierte Benutzer gelten.<\/p><ul><li>Cookies f\u00fcr die Auftragsabwicklung<\/li><\/ul><p><br>Diese Website bietet E-Commerce- oder Zahlungsm\u00f6glichkeiten und einige Cookies sind unerl\u00e4sslich, um sicherzustellen, dass Ihre Bestellung zwischen den Seiten gespeichert wird, damit wir sie ordnungsgem\u00e4\u00df bearbeiten k\u00f6nnen.<\/p><h3> <\/h3><p class=\"wp-block-heading\"><strong>Cookies von Drittanbietern<br><\/strong>In einigen besonderen F\u00e4llen verwenden wir auch Cookies von vertrauensw\u00fcrdigen Drittanbietern. Der folgende Abschnitt beschreibt, welche Cookies von Drittanbietern Sie auf dieser Website finden k\u00f6nnen.<\/p><ul><li>Diese Website verwendet Google Analytics, eine der am weitesten verbreiteten und vertrauensw\u00fcrdigsten Analysel\u00f6sungen im Internet, um uns dabei zu helfen, zu verstehen, wie Sie die Website nutzen und wie wir Ihre Erfahrung verbessern k\u00f6nnen. Diese Cookies k\u00f6nnen nachvollziehen, wie lange Sie sich auf der Website aufhalten und welche Seiten Sie besuchen, damit wir weiterhin ansprechende Inhalte anbieten k\u00f6nnen.<\/li><\/ul><p><br>Weitere Informationen \u00fcber Google Analytics-Cookies finden Sie auf der offiziellen Google Analytics-Seite.<\/p><ul><li>Da wir Produkte verkaufen, ist es wichtig, dass wir Statistiken dar\u00fcber f\u00fchren, wie viele Besucher unserer Website tats\u00e4chlich einen Kauf t\u00e4tigen. Das ist wichtig f\u00fcr Sie, denn es bedeutet, dass wir genaue Gesch\u00e4ftsprognosen erstellen k\u00f6nnen, die es uns erm\u00f6glichen, unsere Werbe- und Produktkosten zu kontrollieren, um den bestm\u00f6glichen Preis zu gew\u00e4hrleisten.<br><br><\/li><li>Wir verwenden Anzeigen, um die Kosten f\u00fcr den Betrieb dieser Website auszugleichen und die weitere Entwicklung zu finanzieren. Die Cookies f\u00fcr verhaltensbasierte Werbung, die von dieser Website verwendet werden, sollen sicherstellen, dass wir Ihnen m\u00f6glichst relevante Werbung anbieten, indem wir Ihre Interessen anonym verfolgen und \u00e4hnliche Dinge pr\u00e4sentieren, die Sie interessieren k\u00f6nnten.<br><br><\/li><li>Wir verwenden auf dieser Website auch Schaltfl\u00e4chen und\/oder Plugins f\u00fcr soziale Medien, mit denen Sie sich auf verschiedene Weise mit Ihrem sozialen Netzwerk verbinden k\u00f6nnen. Damit dies funktioniert, platzieren die folgenden sozialen Netzwerke, einschlie\u00dflich {Nennen Sie die sozialen Netzwerke, deren Funktionen Sie auf Ihrer Website integriert haben?:12}, Cookies auf unserer Website, die verwendet werden k\u00f6nnen, um Ihr Profil auf ihrer Website zu verbessern oder zu den Daten beizutragen, die sie f\u00fcr verschiedene Zwecke speichern, die in ihren jeweiligen Datenschutzrichtlinien beschrieben sind.<\/li><\/ul><h3> <\/h3><p class=\"wp-block-heading\"><strong>Weitere Informationen<br><\/strong>Wir hoffen, dass dies die Dinge f\u00fcr Sie gekl\u00e4rt hat. Wie bereits erw\u00e4hnt, ist es in der Regel sicherer, Cookies aktiviert zu lassen, falls Sie mit einer der Funktionen, die Sie auf unserer Website nutzen, interagieren.<\/p><p>F\u00fcr weitere allgemeine Informationen \u00fcber Cookies lesen Sie bitte den Artikel \u00fcber die Cookie-Richtlinie.<\/p><p>Wenn Sie jedoch noch weitere Informationen ben\u00f6tigen, kontaktieren Sie uns bitte \u00fcber eine unserer Kontaktm\u00f6glichkeiten:<\/p><p>E-Mail: info@motionexperience.nl<\/p><h3> <\/h3><\/div><\/div><\/div><\/div>\t\t\t\t\t\t\t\t<\/div>\n\t\t\t\t<\/div>\n\t\t\t\t\t<\/div>\n\t\t<\/div>\n\t\t\t\t\t<\/div>\n\t\t<\/section>\n\t\t\t\t<\/div>\n\t\t","protected":false},"excerpt":{"rendered":"<p>Cookie-Richtlinie Was sind CookiesWie bei fast allen professionellen Websites \u00fcblich, verwendet auch diese Website Cookies. Dies sind kleine Dateien, die auf Ihren Computer heruntergeladen werden, um Ihr Erlebnis zu verbessern. Diese Seite beschreibt, welche Informationen sie sammeln, wie wir sie verwenden und warum wir diese Cookies manchmal speichern m\u00fcssen. Wir werden Sie auch dar\u00fcber informieren, wie Sie die Speicherung dieser Cookies verhindern k\u00f6nnen. Dies kann jedoch die Funktionalit\u00e4t bestimmter Teile der Website einschr\u00e4nken oder \u201eunterbrechen\u201c. Wie wir Cookies verwendenWir verwenden Cookies aus verschiedenen Gr\u00fcnden, die im Folgenden beschrieben werden. Leider gibt es in den meisten F\u00e4llen keine Standardoptionen, mit denen Sie Cookies deaktivieren k\u00f6nnen, ohne die Funktionen und Merkmale, die sie dieser Website hinzuf\u00fcgen, vollst\u00e4ndig zu deaktivieren. Es ist ratsam, alle Cookies aktiviert zu lassen, wenn Sie sich nicht sicher sind, ob Sie sie ben\u00f6tigen oder nicht, falls sie zur Bereitstellung eines von Ihnen genutzten Dienstes verwendet werden. Cookies deaktivierenSie k\u00f6nnen das Setzen von Cookies verhindern, indem Sie die Einstellungen Ihres Browsers anpassen (weitere Informationen finden Sie in der Hilfe Ihres Browsers). Bitte beachten Sie, dass die Deaktivierung von Cookies die Funktionalit\u00e4t dieser und vieler anderer Websites, die Sie besuchen, beeintr\u00e4chtigen wird. Die Deaktivierung von Cookies hat in der Regel auch zur Folge, dass bestimmte Merkmale und Funktionen dieser Website deaktiviert werden. Es ist daher nicht ratsam, Cookies zu deaktivieren. Diese Cookie-Richtlinie wurde mit Hilfe des Cookies Policy Generator erstellt. Die Cookies, die wir platzieren E-Mail-Newsletter-bezogene Cookies Diese Website bietet einen Newsletter- oder E-Mail-Abonnementservice an, und Cookies k\u00f6nnen verwendet werden, um sich zu merken, ob Sie bereits registriert sind und ob bestimmte Benachrichtigungen angezeigt werden sollen, die nur f\u00fcr registrierte oder nicht registrierte Benutzer gelten. Cookies f\u00fcr die Auftragsabwicklung Diese Website bietet E-Commerce- oder Zahlungsm\u00f6glichkeiten und einige Cookies sind unerl\u00e4sslich, um sicherzustellen, dass Ihre Bestellung zwischen den Seiten gespeichert wird, damit wir sie ordnungsgem\u00e4\u00df bearbeiten k\u00f6nnen. Cookies von DrittanbieternIn einigen besonderen F\u00e4llen verwenden wir auch Cookies von vertrauensw\u00fcrdigen Drittanbietern. Der folgende Abschnitt beschreibt, welche Cookies von Drittanbietern Sie auf dieser Website finden k\u00f6nnen. Diese Website verwendet Google Analytics, eine der am weitesten verbreiteten und vertrauensw\u00fcrdigsten Analysel\u00f6sungen im Internet, um uns dabei zu helfen, zu verstehen, wie Sie die Website nutzen und wie wir Ihre Erfahrung verbessern k\u00f6nnen. Diese Cookies k\u00f6nnen nachvollziehen, wie lange Sie sich auf der Website aufhalten und welche Seiten Sie besuchen, damit wir weiterhin ansprechende Inhalte anbieten k\u00f6nnen. Weitere Informationen \u00fcber Google Analytics-Cookies finden Sie auf der offiziellen Google Analytics-Seite. Da wir Produkte verkaufen, ist es wichtig, dass wir Statistiken dar\u00fcber f\u00fchren, wie viele Besucher unserer Website tats\u00e4chlich einen Kauf t\u00e4tigen. Das ist wichtig f\u00fcr Sie, denn es bedeutet, dass wir genaue Gesch\u00e4ftsprognosen erstellen k\u00f6nnen, die es uns erm\u00f6glichen, unsere Werbe- und Produktkosten zu kontrollieren, um den bestm\u00f6glichen Preis zu gew\u00e4hrleisten. Wir verwenden Anzeigen, um die Kosten f\u00fcr den Betrieb dieser Website auszugleichen und die weitere Entwicklung zu finanzieren. Die Cookies f\u00fcr verhaltensbasierte Werbung, die von dieser Website verwendet werden, sollen sicherstellen, dass wir Ihnen m\u00f6glichst relevante Werbung anbieten, indem wir Ihre Interessen anonym verfolgen und \u00e4hnliche Dinge pr\u00e4sentieren, die Sie interessieren k\u00f6nnten. Wir verwenden auf dieser Website auch Schaltfl\u00e4chen und\/oder Plugins f\u00fcr soziale Medien, mit denen Sie sich auf verschiedene Weise mit Ihrem sozialen Netzwerk verbinden k\u00f6nnen. Damit dies funktioniert, platzieren die folgenden sozialen Netzwerke, einschlie\u00dflich {Nennen Sie die sozialen Netzwerke, deren Funktionen Sie auf Ihrer Website integriert haben?:12}, Cookies auf unserer Website, die verwendet werden k\u00f6nnen, um Ihr Profil auf ihrer Website zu verbessern oder zu den Daten beizutragen, die sie f\u00fcr verschiedene Zwecke speichern, die in ihren jeweiligen Datenschutzrichtlinien beschrieben sind. Weitere InformationenWir hoffen, dass dies die Dinge f\u00fcr Sie gekl\u00e4rt hat. Wie bereits erw\u00e4hnt, ist es in der Regel sicherer, Cookies aktiviert zu lassen, falls Sie mit einer der Funktionen, die Sie auf unserer Website nutzen, interagieren. F\u00fcr weitere allgemeine Informationen \u00fcber Cookies lesen Sie bitte den Artikel \u00fcber die Cookie-Richtlinie. Wenn Sie jedoch noch weitere Informationen ben\u00f6tigen, kontaktieren Sie uns bitte \u00fcber eine unserer Kontaktm\u00f6glichkeiten: E-Mail: info@motionexperience.nl<\/p>\n","protected":false},"author":3,"featured_media":0,"parent":0,"menu_order":3,"comment_status":"closed","ping_status":"closed","template":"elementor_header_footer","meta":{"footnotes":""},"class_list":["post-6684","page","type-page","status-publish","hentry"],"yoast_head":"<!-- This site is optimized with the Yoast SEO plugin v27.6 - https:\/\/yoast.com\/product\/yoast-seo-wordpress\/ -->\n<title>Cookie-Richtlinie - Motion Experience<\/title>\n<meta name=\"description\" content=\"Organisieren Sie Ihr Firmenevent bei Motion Experience. Ein einzigartiger Veranstaltungsort mit hochmoderner Technologie im Herzen von Eindhoven.\" \/>\n<meta name=\"robots\" content=\"index, follow, max-snippet:-1, max-image-preview:large, max-video-preview:-1\" \/>\n<link rel=\"canonical\" href=\"https:\/\/motionexperience.nl\/de\/cookie-richtlinie\/\" \/>\n<meta property=\"og:locale\" content=\"de_DE\" \/>\n<meta property=\"og:type\" content=\"article\" \/>\n<meta property=\"og:title\" content=\"Cookie-Richtlinie - Motion Experience\" \/>\n<meta property=\"og:description\" content=\"Organisieren Sie Ihr Firmenevent bei Motion Experience. Ein einzigartiger Veranstaltungsort mit hochmoderner Technologie im Herzen von Eindhoven.\" \/>\n<meta property=\"og:url\" content=\"https:\/\/motionexperience.nl\/de\/cookie-richtlinie\/\" \/>\n<meta property=\"og:site_name\" content=\"Motion Experience\" \/>\n<meta property=\"article:modified_time\" content=\"2025-06-13T10:03:56+00:00\" \/>\n<meta name=\"twitter:card\" content=\"summary_large_image\" \/>\n<meta name=\"twitter:label1\" content=\"Gesch\u00e4tzte Lesezeit\" \/>\n\t<meta name=\"twitter:data1\" content=\"4\u00a0Minuten\" \/>\n<script type=\"application\/ld+json\" class=\"yoast-schema-graph\">{\"@context\":\"https:\\\/\\\/schema.org\",\"@graph\":[{\"@type\":\"WebPage\",\"@id\":\"https:\\\/\\\/motionexperience.nl\\\/de\\\/cookie-richtlinie\\\/\",\"url\":\"https:\\\/\\\/motionexperience.nl\\\/de\\\/cookie-richtlinie\\\/\",\"name\":\"Cookie-Richtlinie - Motion Experience\",\"isPartOf\":{\"@id\":\"https:\\\/\\\/motionexperience.nl\\\/de\\\/#website\"},\"datePublished\":\"2024-02-14T09:39:02+00:00\",\"dateModified\":\"2025-06-13T10:03:56+00:00\",\"description\":\"Organisieren Sie Ihr Firmenevent bei Motion Experience. Ein einzigartiger Veranstaltungsort mit hochmoderner Technologie im Herzen von Eindhoven.\",\"inLanguage\":\"de\",\"potentialAction\":[{\"@type\":\"ReadAction\",\"target\":[\"https:\\\/\\\/motionexperience.nl\\\/de\\\/cookie-richtlinie\\\/\"]}]},{\"@type\":\"WebSite\",\"@id\":\"https:\\\/\\\/motionexperience.nl\\\/de\\\/#website\",\"url\":\"https:\\\/\\\/motionexperience.nl\\\/de\\\/\",\"name\":\"Motion Experience\",\"description\":\"Light Art Playground Eindhoven\",\"potentialAction\":[{\"@type\":\"SearchAction\",\"target\":{\"@type\":\"EntryPoint\",\"urlTemplate\":\"https:\\\/\\\/motionexperience.nl\\\/de\\\/?s={search_term_string}\"},\"query-input\":{\"@type\":\"PropertyValueSpecification\",\"valueRequired\":true,\"valueName\":\"search_term_string\"}}],\"inLanguage\":\"de\"}]}<\/script>\n<!-- \/ Yoast SEO plugin. -->","yoast_head_json":{"title":"Cookie-Richtlinie - Motion Experience","description":"Organisieren Sie Ihr Firmenevent bei Motion Experience. Ein einzigartiger Veranstaltungsort mit hochmoderner Technologie im Herzen von Eindhoven.","robots":{"index":"index","follow":"follow","max-snippet":"max-snippet:-1","max-image-preview":"max-image-preview:large","max-video-preview":"max-video-preview:-1"},"canonical":"https:\/\/motionexperience.nl\/de\/cookie-richtlinie\/","og_locale":"de_DE","og_type":"article","og_title":"Cookie-Richtlinie - Motion Experience","og_description":"Organisieren Sie Ihr Firmenevent bei Motion Experience. Ein einzigartiger Veranstaltungsort mit hochmoderner Technologie im Herzen von Eindhoven.","og_url":"https:\/\/motionexperience.nl\/de\/cookie-richtlinie\/","og_site_name":"Motion Experience","article_modified_time":"2025-06-13T10:03:56+00:00","twitter_card":"summary_large_image","twitter_misc":{"Gesch\u00e4tzte Lesezeit":"4\u00a0Minuten"},"schema":{"@context":"https:\/\/schema.org","@graph":[{"@type":"WebPage","@id":"https:\/\/motionexperience.nl\/de\/cookie-richtlinie\/","url":"https:\/\/motionexperience.nl\/de\/cookie-richtlinie\/","name":"Cookie-Richtlinie - Motion Experience","isPartOf":{"@id":"https:\/\/motionexperience.nl\/de\/#website"},"datePublished":"2024-02-14T09:39:02+00:00","dateModified":"2025-06-13T10:03:56+00:00","description":"Organisieren Sie Ihr Firmenevent bei Motion Experience. Ein einzigartiger Veranstaltungsort mit hochmoderner Technologie im Herzen von Eindhoven.","inLanguage":"de","potentialAction":[{"@type":"ReadAction","target":["https:\/\/motionexperience.nl\/de\/cookie-richtlinie\/"]}]},{"@type":"WebSite","@id":"https:\/\/motionexperience.nl\/de\/#website","url":"https:\/\/motionexperience.nl\/de\/","name":"Motion Experience","description":"Light Art Playground Eindhoven","potentialAction":[{"@type":"SearchAction","target":{"@type":"EntryPoint","urlTemplate":"https:\/\/motionexperience.nl\/de\/?s={search_term_string}"},"query-input":{"@type":"PropertyValueSpecification","valueRequired":true,"valueName":"search_term_string"}}],"inLanguage":"de"}]}},"_links":{"self":[{"href":"https:\/\/motionexperience.nl\/de\/wp-json\/wp\/v2\/pages\/6684","targetHints":{"allow":["GET"]}}],"collection":[{"href":"https:\/\/motionexperience.nl\/de\/wp-json\/wp\/v2\/pages"}],"about":[{"href":"https:\/\/motionexperience.nl\/de\/wp-json\/wp\/v2\/types\/page"}],"author":[{"embeddable":true,"href":"https:\/\/motionexperience.nl\/de\/wp-json\/wp\/v2\/users\/3"}],"replies":[{"embeddable":true,"href":"https:\/\/motionexperience.nl\/de\/wp-json\/wp\/v2\/comments?post=6684"}],"version-history":[{"count":1,"href":"https:\/\/motionexperience.nl\/de\/wp-json\/wp\/v2\/pages\/6684\/revisions"}],"predecessor-version":[{"id":6685,"href":"https:\/\/motionexperience.nl\/de\/wp-json\/wp\/v2\/pages\/6684\/revisions\/6685"}],"wp:attachment":[{"href":"https:\/\/motionexperience.nl\/de\/wp-json\/wp\/v2\/media?parent=6684"}],"curies":[{"name":"wp","href":"https:\/\/api.w.org\/{rel}","templated":true}]}}